{"id":1043,"date":"2025-10-22T17:39:43","date_gmt":"2025-10-22T20:39:43","guid":{"rendered":"https:\/\/senhoradoporto.mg.gov.br\/?page_id=1043"},"modified":"2026-01-05T15:59:23","modified_gmt":"2026-01-05T18:59:23","slug":"defesa-civil","status":"publish","type":"page","link":"https:\/\/senhoradoporto.mg.gov.br\/index.php\/defesa-civil\/","title":{"rendered":"Defesa Civil"},"content":{"rendered":"\t\t<div data-elementor-type=\"wp-page\" data-elementor-id=\"1043\" class=\"elementor elementor-1043\" data-elementor-post-type=\"page\">\n\t\t\t\t<div class=\"elementor-element elementor-element-25af6e3 e-flex e-con-boxed e-con e-parent\" data-id=\"25af6e3\" data-element_type=\"container\" data-e-type=\"container\">\n\t\t\t\t\t<div class=\"e-con-inner\">\n\t\t<div class=\"elementor-element elementor-element-19cfca8 e-con-full e-flex e-con e-child\" data-id=\"19cfca8\" data-element_type=\"container\" data-e-type=\"container\">\n\t\t\t\t<div class=\"elementor-element elementor-element-824ab19 elementor-widget elementor-widget-shortcode\" data-id=\"824ab19\" data-element_type=\"widget\" data-e-type=\"widget\" data-widget_type=\"shortcode.default\">\n\t\t\t\t<div class=\"elementor-widget-container\">\n\t\t\t\t\t\t\t<div class=\"elementor-shortcode\"><span><span><a href=\"https:\/\/senhoradoporto.mg.gov.br\/\">In\u00edcio<\/a><\/span><\/span><\/div>\n\t\t\t\t\t\t<\/div>\n\t\t\t\t<\/div>\n\t\t\t\t<\/div>\n\t\t\t\t\t<\/div>\n\t\t\t\t<\/div>\n\t\t<div class=\"elementor-element elementor-element-0f4f758 e-flex e-con-boxed e-con e-parent\" data-id=\"0f4f758\" data-element_type=\"container\" data-e-type=\"container\">\n\t\t\t\t\t<div class=\"e-con-inner\">\n\t\t\t\t<div class=\"elementor-element elementor-element-d4881ba elementor-widget elementor-widget-heading\" data-id=\"d4881ba\" data-element_type=\"widget\" data-e-type=\"widget\" data-widget_type=\"heading.default\">\n\t\t\t\t<div class=\"elementor-widget-container\">\n\t\t\t\t\t<h2 class=\"elementor-heading-title elementor-size-default\">Defesa Civil<\/h2>\t\t\t\t<\/div>\n\t\t\t\t<\/div>\n\t\t\t\t\t<\/div>\n\t\t\t\t<\/div>\n\t\t<div class=\"elementor-element elementor-element-1b05d18 e-flex e-con-boxed e-con e-parent\" data-id=\"1b05d18\" data-element_type=\"container\" data-e-type=\"container\">\n\t\t\t\t\t<div class=\"e-con-inner\">\n\t\t\t\t<div class=\"elementor-element elementor-element-dd86ac7 elementor-widget elementor-widget-heading\" data-id=\"dd86ac7\" data-element_type=\"widget\" data-e-type=\"widget\" data-widget_type=\"heading.default\">\n\t\t\t\t<div class=\"elementor-widget-container\">\n\t\t\t\t\t<h4 class=\"elementor-heading-title elementor-size-default\">O que \u00e9 a Defesa Civil?<\/h4>\t\t\t\t<\/div>\n\t\t\t\t<\/div>\n\t\t\t\t<div class=\"elementor-element elementor-element-9bfae0b elementor-widget elementor-widget-text-editor\" data-id=\"9bfae0b\" data-element_type=\"widget\" data-e-type=\"widget\" data-widget_type=\"text-editor.default\">\n\t\t\t\t<div class=\"elementor-widget-container\">\n\t\t\t\t\t\t\t\t\t<p>Defesa Civil \u00e9 um conjunto de a\u00e7\u00f5es que inclui preven\u00e7\u00e3o, mitiga\u00e7\u00e3o, resposta a emerg\u00eancias e recupera\u00e7\u00e3o de desastres. Seu prop\u00f3sito \u00e9 evitar ou minimizar os impactos de desastres naturais e provocados pelo homem, proteger a popula\u00e7\u00e3o, o patrim\u00f4nio e o meio ambiente, e restabelecer a normalidade social ap\u00f3s um evento. No Brasil, \u00e9 um sistema integrado que envolve \u00f3rg\u00e3os federais, estaduais e municipais, al\u00e9m de entidades da sociedade civil.<\/p>\n<p class=\"MsoNormal\"><b>Respons\u00e1vel pela Defesa Civil:&nbsp;&nbsp;<\/b>Daniella da\nConsola\u00e7\u00e3o Andrade&nbsp;<o:p><\/o:p><\/p>\t\t\t\t\t\t\t\t<\/div>\n\t\t\t\t<\/div>\n\t\t\t\t<div class=\"elementor-element elementor-element-2a7dfa3 elementor-widget elementor-widget-heading\" data-id=\"2a7dfa3\" data-element_type=\"widget\" data-e-type=\"widget\" data-widget_type=\"heading.default\">\n\t\t\t\t<div class=\"elementor-widget-container\">\n\t\t\t\t\t<h4 class=\"elementor-heading-title elementor-size-default\">Formas de contato:<\/h4>\t\t\t\t<\/div>\n\t\t\t\t<\/div>\n\t\t\t\t<div class=\"elementor-element elementor-element-5785825 elementor-widget elementor-widget-text-editor\" data-id=\"5785825\" data-element_type=\"widget\" data-e-type=\"widget\" data-widget_type=\"text-editor.default\">\n\t\t\t\t<div class=\"elementor-widget-container\">\n\t\t\t\t\t\t\t\t\t<ul style=\"text-align: left;\"><li><strong><span dir=\"auto\" style=\"vertical-align: inherit;\"><span dir=\"auto\" style=\"vertical-align: inherit;\"><span dir=\"auto\" style=\"vertical-align: inherit;\"><span dir=\"auto\" style=\"vertical-align: inherit;\">Atendimento presencial<\/span><\/span><\/span><\/span><\/strong><\/li><\/ul><p><span dir=\"auto\" style=\"vertical-align: inherit;\"><span dir=\"auto\" style=\"vertical-align: inherit;\"><span dir=\"auto\" style=\"vertical-align: inherit;\"><span dir=\"auto\" style=\"vertical-align: inherit;\">Para realizar uma manifesta\u00e7\u00e3o presencialmente, basta se dirigir \u00e0 sede da Prefeitura Municipal. Confira abaixo o endere\u00e7o completo:<\/span><\/span><\/span><\/span><\/p><p><span dir=\"auto\" style=\"vertical-align: inherit;\"><span dir=\"auto\" style=\"vertical-align: inherit;\"><span dir=\"auto\" style=\"vertical-align: inherit;\"><span dir=\"auto\" style=\"vertical-align: inherit;\">Pra\u00e7a Monsenhor Jos\u00e9 Coelho, n\u00ba 155 \u2013 (Prefeitura Municipal)<\/span><\/span><\/span><\/span><\/p><p><span dir=\"auto\" style=\"vertical-align: inherit;\"><span dir=\"auto\" style=\"vertical-align: inherit;\"><span dir=\"auto\" style=\"vertical-align: inherit;\"><span dir=\"auto\" style=\"vertical-align: inherit;\">\u00a02\u00aa a 6\u00aa feira \u2013 8hs \u00e0s 11hs e 12:30hs \u00e0s 16hs<\/span><\/span><\/span><\/span><\/p><ul><li><strong><span dir=\"auto\" style=\"vertical-align: inherit;\"><span dir=\"auto\" style=\"vertical-align: inherit;\"><span dir=\"auto\" style=\"vertical-align: inherit;\"><span dir=\"auto\" style=\"vertical-align: inherit;\">Pelo telefone\u00a0<\/span><\/span><\/span><\/span><\/strong><span dir=\"auto\" style=\"vertical-align: inherit;\"><span dir=\"auto\" style=\"vertical-align: inherit;\"><span dir=\"auto\" style=\"vertical-align: inherit;\"><span dir=\"auto\" style=\"vertical-align: inherit;\">(33) 3424-1250<\/span><\/span><\/span><\/span><\/li><\/ul><div>\u00a0<\/div><ul><li><strong><span dir=\"auto\" style=\"vertical-align: inherit;\"><span dir=\"auto\" style=\"vertical-align: inherit;\"><span dir=\"auto\" style=\"vertical-align: inherit;\"><span dir=\"auto\" style=\"vertical-align: inherit;\">Atendimento online<\/span><\/span><\/span><\/span><\/strong><\/li><\/ul><div><b>\u00a0<\/b><\/div><div><p><span dir=\"auto\" style=\"vertical-align: inherit;\"><span dir=\"auto\" style=\"vertical-align: inherit;\"><span dir=\"auto\" style=\"vertical-align: inherit;\"><span dir=\"auto\" style=\"vertical-align: inherit;\">Para manifesta\u00e7\u00e3o\u00a0<\/span><\/span><\/span><\/span><i><span dir=\"auto\" style=\"vertical-align: inherit;\"><span dir=\"auto\" style=\"vertical-align: inherit;\"><span dir=\"auto\" style=\"vertical-align: inherit;\"><span dir=\"auto\" style=\"vertical-align: inherit;\">online<\/span><\/span><\/span><\/span><\/i><span dir=\"auto\" style=\"vertical-align: inherit;\"><span dir=\"auto\" style=\"vertical-align: inherit;\"><span dir=\"auto\" style=\"vertical-align: inherit;\"><span dir=\"auto\" style=\"vertical-align: inherit;\">, preencha o \u201cFormul\u00e1rio de Atendimento\u201d abaixo e insira os seus dados e a manifesta\u00e7\u00e3o nos campos exigidos. Um protocolo ser\u00e1 gerado para acompanhamento.<\/span><\/span><\/span><\/span><\/p><\/div>\t\t\t\t\t\t\t\t<\/div>\n\t\t\t\t<\/div>\n\t\t\t\t\t<\/div>\n\t\t\t\t<\/div>\n\t\t<div class=\"elementor-element elementor-element-9bae7a5 e-flex e-con-boxed e-con e-parent\" data-id=\"9bae7a5\" data-element_type=\"container\" data-e-type=\"container\">\n\t\t\t\t\t<div class=\"e-con-inner\">\n\t\t\t\t<div class=\"elementor-element elementor-element-576e4b8 elementor-widget elementor-widget-heading\" data-id=\"576e4b8\" data-element_type=\"widget\" data-e-type=\"widget\" data-widget_type=\"heading.default\">\n\t\t\t\t<div class=\"elementor-widget-container\">\n\t\t\t\t\t<h4 class=\"elementor-heading-title elementor-size-default\">Formul\u00e1rio de Atendimento:<\/h4>\t\t\t\t<\/div>\n\t\t\t\t<\/div>\n\t\t\t\t<div class=\"elementor-element elementor-element-19c6fce elementor-button-align-stretch elementor-widget elementor-widget-form\" data-id=\"19c6fce\" data-element_type=\"widget\" data-e-type=\"widget\" data-settings=\"{&quot;step_type&quot;:&quot;none&quot;,&quot;step_icon_shape&quot;:&quot;none&quot;,&quot;button_width&quot;:&quot;100&quot;}\" data-widget_type=\"form.default\">\n\t\t\t\t<div class=\"elementor-widget-container\">\n\t\t\t\t\t\t\t<form class=\"elementor-form\" method=\"post\" name=\"Solicita\u00e7\u00e3o Defesa Civil\" aria-label=\"Solicita\u00e7\u00e3o Defesa Civil\">\n\t\t\t<input type=\"hidden\" name=\"post_id\" value=\"1043\"\/>\n\t\t\t<input type=\"hidden\" name=\"form_id\" value=\"19c6fce\"\/>\n\t\t\t<input type=\"hidden\" name=\"referer_title\" value=\"Defesa Civil - Prefeitura de Senhora do Porto\" \/>\n\n\t\t\t\t\t\t\t<input type=\"hidden\" name=\"queried_id\" value=\"1043\"\/>\n\t\t\t\n\t\t\t<div class=\"elementor-form-fields-wrapper elementor-labels-above\">\n\t\t\t\t\t\t\t\t<div class=\"elementor-field-type-text elementor-field-group elementor-column elementor-field-group-Nome elementor-col-40 elementor-field-required elementor-mark-required\">\n\t\t\t\t\t\t\t\t\t\t\t\t<label for=\"form-field-Nome\" class=\"elementor-field-label\">\n\t\t\t\t\t\t\t\tNome Completo\t\t\t\t\t\t\t<\/label>\n\t\t\t\t\t\t\t\t\t\t\t\t\t\t<input size=\"1\" type=\"text\" name=\"form_fields[Nome]\" id=\"form-field-Nome\" class=\"elementor-field elementor-size-sm  elementor-field-textual\" placeholder=\"Nome\" required=\"required\">\n\t\t\t\t\t\t\t\t\t\t\t<\/div>\n\t\t\t\t\t\t\t\t<div class=\"elementor-field-type-date elementor-field-group elementor-column elementor-field-group-field_aa5f148 elementor-col-20 elementor-field-required elementor-mark-required\">\n\t\t\t\t\t\t\t\t\t\t\t\t<label for=\"form-field-field_aa5f148\" class=\"elementor-field-label\">\n\t\t\t\t\t\t\t\tData de Nascimento\t\t\t\t\t\t\t<\/label>\n\t\t\t\t\t\t\n\t\t<input type=\"date\" name=\"form_fields[field_aa5f148]\" id=\"form-field-field_aa5f148\" class=\"elementor-field elementor-size-sm  elementor-field-textual elementor-date-field\" placeholder=\"Data de Nascimento\" required=\"required\" pattern=\"[0-9]{4}-[0-9]{2}-[0-9]{2}\">\n\t\t\t\t\t\t<\/div>\n\t\t\t\t\t\t\t\t<div class=\"elementor-field-type-number elementor-field-group elementor-column elementor-field-group-field_9c3ec60 elementor-col-20 elementor-field-required elementor-mark-required\">\n\t\t\t\t\t\t\t\t\t\t\t\t<label for=\"form-field-field_9c3ec60\" class=\"elementor-field-label\">\n\t\t\t\t\t\t\t\tCPF\t\t\t\t\t\t\t<\/label>\n\t\t\t\t\t\t\t\t\t<input type=\"number\" name=\"form_fields[field_9c3ec60]\" id=\"form-field-field_9c3ec60\" class=\"elementor-field elementor-size-sm  elementor-field-textual\" placeholder=\"CPF\" required=\"required\" min=\"\" max=\"\" >\n\t\t\t\t\t\t<\/div>\n\t\t\t\t\t\t\t\t<div class=\"elementor-field-type-text elementor-field-group elementor-column elementor-field-group-field_467f10e elementor-col-20 elementor-field-required elementor-mark-required\">\n\t\t\t\t\t\t\t\t\t\t\t\t<label for=\"form-field-field_467f10e\" class=\"elementor-field-label\">\n\t\t\t\t\t\t\t\tRG\t\t\t\t\t\t\t<\/label>\n\t\t\t\t\t\t\t\t\t\t\t\t\t\t<input size=\"1\" type=\"text\" name=\"form_fields[field_467f10e]\" id=\"form-field-field_467f10e\" class=\"elementor-field elementor-size-sm  elementor-field-textual\" placeholder=\"RG\" required=\"required\">\n\t\t\t\t\t\t\t\t\t\t\t<\/div>\n\t\t\t\t\t\t\t\t<div class=\"elementor-field-type-select elementor-field-group elementor-column elementor-field-group-field_70cba35 elementor-col-20\">\n\t\t\t\t\t\t\t\t\t\t\t\t<label for=\"form-field-field_70cba35\" class=\"elementor-field-label\">\n\t\t\t\t\t\t\t\tTipo Logradouro\t\t\t\t\t\t\t<\/label>\n\t\t\t\t\t\t\t\t<div class=\"elementor-field elementor-select-wrapper remove-before \">\n\t\t\t<div class=\"select-caret-down-wrapper\">\n\t\t\t\t<svg aria-hidden=\"true\" class=\"e-font-icon-svg e-eicon-caret-down\" viewBox=\"0 0 571.4 571.4\" xmlns=\"http:\/\/www.w3.org\/2000\/svg\"><path d=\"M571 393Q571 407 561 418L311 668Q300 679 286 679T261 668L11 418Q0 407 0 393T11 368 36 357H536Q550 357 561 368T571 393Z\"><\/path><\/svg>\t\t\t<\/div>\n\t\t\t<select name=\"form_fields[field_70cba35]\" id=\"form-field-field_70cba35\" class=\"elementor-field-textual elementor-size-sm\">\n\t\t\t\t\t\t\t\t\t<option value=\"Avenida\">Avenida<\/option>\n\t\t\t\t\t\t\t\t\t<option value=\"Rua\">Rua<\/option>\n\t\t\t\t\t\t\t\t\t<option value=\"Pra\u00e7a\">Pra\u00e7a<\/option>\n\t\t\t\t\t\t\t\t\t<option value=\"Travessa\">Travessa<\/option>\n\t\t\t\t\t\t\t<\/select>\n\t\t<\/div>\n\t\t\t\t\t\t<\/div>\n\t\t\t\t\t\t\t\t<div class=\"elementor-field-type-text elementor-field-group elementor-column elementor-field-group-field_1126ce9 elementor-col-60 elementor-field-required elementor-mark-required\">\n\t\t\t\t\t\t\t\t\t\t\t\t<label for=\"form-field-field_1126ce9\" class=\"elementor-field-label\">\n\t\t\t\t\t\t\t\tNome Logradouro\t\t\t\t\t\t\t<\/label>\n\t\t\t\t\t\t\t\t\t\t\t\t\t\t<input size=\"1\" type=\"text\" name=\"form_fields[field_1126ce9]\" id=\"form-field-field_1126ce9\" class=\"elementor-field elementor-size-sm  elementor-field-textual\" placeholder=\"Nome Logradouro\" required=\"required\">\n\t\t\t\t\t\t\t\t\t\t\t<\/div>\n\t\t\t\t\t\t\t\t<div class=\"elementor-field-type-number elementor-field-group elementor-column elementor-field-group-field_7d698de elementor-col-20 elementor-field-required elementor-mark-required\">\n\t\t\t\t\t\t\t\t\t\t\t\t<label for=\"form-field-field_7d698de\" class=\"elementor-field-label\">\n\t\t\t\t\t\t\t\tN\u00famero\t\t\t\t\t\t\t<\/label>\n\t\t\t\t\t\t\t\t\t<input type=\"number\" name=\"form_fields[field_7d698de]\" id=\"form-field-field_7d698de\" class=\"elementor-field elementor-size-sm  elementor-field-textual\" placeholder=\"Numero\" required=\"required\" min=\"\" max=\"\" >\n\t\t\t\t\t\t<\/div>\n\t\t\t\t\t\t\t\t<div class=\"elementor-field-type-email elementor-field-group elementor-column elementor-field-group-email elementor-col-50 elementor-field-required elementor-mark-required\">\n\t\t\t\t\t\t\t\t\t\t\t\t<label for=\"form-field-email\" class=\"elementor-field-label\">\n\t\t\t\t\t\t\t\tEmail\t\t\t\t\t\t\t<\/label>\n\t\t\t\t\t\t\t\t\t\t\t\t\t\t<input size=\"1\" type=\"email\" name=\"form_fields[email]\" id=\"form-field-email\" class=\"elementor-field elementor-size-sm  elementor-field-textual\" placeholder=\"Email\" required=\"required\">\n\t\t\t\t\t\t\t\t\t\t\t<\/div>\n\t\t\t\t\t\t\t\t<div class=\"elementor-field-type-tel elementor-field-group elementor-column elementor-field-group-field_ac040b8 elementor-col-50 elementor-field-required elementor-mark-required\">\n\t\t\t\t\t\t\t\t\t\t\t\t<label for=\"form-field-field_ac040b8\" class=\"elementor-field-label\">\n\t\t\t\t\t\t\t\tTelefone\t\t\t\t\t\t\t<\/label>\n\t\t\t\t\t\t\t\t<input size=\"1\" type=\"tel\" name=\"form_fields[field_ac040b8]\" id=\"form-field-field_ac040b8\" class=\"elementor-field elementor-size-sm  elementor-field-textual\" placeholder=\"Telefone\" required=\"required\" pattern=\"[0-9()#&amp;+*-=.]+\" title=\"Apenas n\u00fameros e caracteres de telefone (#, -, *, etc.) s\u00e3o aceitos.\">\n\n\t\t\t\t\t\t<\/div>\n\t\t\t\t\t\t\t\t<div class=\"elementor-field-type-text elementor-field-group elementor-column elementor-field-group-field_f6c10f2 elementor-col-50 elementor-field-required elementor-mark-required\">\n\t\t\t\t\t\t\t\t\t\t\t\t<label for=\"form-field-field_f6c10f2\" class=\"elementor-field-label\">\n\t\t\t\t\t\t\t\tAssunto\t\t\t\t\t\t\t<\/label>\n\t\t\t\t\t\t\t\t\t\t\t\t\t\t<input size=\"1\" type=\"text\" name=\"form_fields[field_f6c10f2]\" id=\"form-field-field_f6c10f2\" class=\"elementor-field elementor-size-sm  elementor-field-textual\" placeholder=\"Assunto\" required=\"required\">\n\t\t\t\t\t\t\t\t\t\t\t<\/div>\n\t\t\t\t\t\t\t\t<div class=\"elementor-field-type-textarea elementor-field-group elementor-column elementor-field-group-message elementor-col-100 elementor-field-required elementor-mark-required\">\n\t\t\t\t\t\t\t\t\t\t\t\t<label for=\"form-field-message\" class=\"elementor-field-label\">\n\t\t\t\t\t\t\t\tMensagem\t\t\t\t\t\t\t<\/label>\n\t\t\t\t\t\t<textarea class=\"elementor-field-textual elementor-field  elementor-size-sm\" name=\"form_fields[message]\" id=\"form-field-message\" rows=\"4\" placeholder=\"Mensagem\" required=\"required\"><\/textarea>\t\t\t\t<\/div>\n\t\t\t\t\t\t\t\t<div class=\"elementor-field-type-upload elementor-field-group elementor-column elementor-field-group-field_23f258c elementor-col-100\">\n\t\t\t\t\t\t\t<input type=\"file\" name=\"form_fields[field_23f258c][]\" id=\"form-field-field_23f258c\" class=\"elementor-field elementor-size-sm  elementor-upload-field\" multiple=\"multiple\" data-maxsize=\"25\" data-maxsize-message=\"Esse arquivo excede o tamanho m\u00e1ximo permitido.\">\n\n\t\t\t\t\t\t<\/div>\n\t\t\t\t\t\t\t\t<div class=\"elementor-field-group elementor-column elementor-field-type-submit elementor-col-100 e-form__buttons\">\n\t\t\t\t\t<button class=\"elementor-button elementor-size-sm\" type=\"submit\">\n\t\t\t\t\t\t<span class=\"elementor-button-content-wrapper\">\n\t\t\t\t\t\t\t\t\t\t\t\t\t\t\t\t\t\t\t\t\t\t<span class=\"elementor-button-text\">Enviar<\/span>\n\t\t\t\t\t\t\t\t\t\t\t\t\t<\/span>\n\t\t\t\t\t<\/button>\n\t\t\t\t<\/div>\n\t\t\t<\/div>\n\t\t<\/form>\n\t\t\t\t\t\t<\/div>\n\t\t\t\t<\/div>\n\t\t\t\t\t<\/div>\n\t\t\t\t<\/div>\n\t\t\t\t<\/div>\n\t\t","protected":false},"excerpt":{"rendered":"<p>Defesa Civil O que \u00e9 a Defesa Civil? Defesa Civil \u00e9 um conjunto de a\u00e7\u00f5es que inclui preven\u00e7\u00e3o, mitiga\u00e7\u00e3o, resposta a emerg\u00eancias e recupera\u00e7\u00e3o de desastres. Seu prop\u00f3sito \u00e9 evitar ou minimizar os impactos de desastres naturais e provocados pelo homem, proteger a popula\u00e7\u00e3o, o patrim\u00f4nio e o meio ambiente, e restabelecer a normalidade social [&hellip;]<\/p>\n","protected":false},"author":1,"featured_media":0,"parent":0,"menu_order":0,"comment_status":"closed","ping_status":"closed","template":"elementor_header_footer","meta":{"footnotes":""},"class_list":["post-1043","page","type-page","status-publish","hentry"],"yoast_head":"<!-- This site is optimized with the Yoast SEO plugin v27.2 - https:\/\/yoast.com\/product\/yoast-seo-wordpress\/ -->\n<title>Defesa Civil - Prefeitura de Senhora do Porto<\/title>\n<meta name=\"robots\" content=\"index, follow, max-snippet:-1, max-image-preview:large, max-video-preview:-1\" \/>\n<link rel=\"canonical\" href=\"https:\/\/senhoradoporto.mg.gov.br\/index.php\/defesa-civil\/\" \/>\n<meta property=\"og:locale\" content=\"pt_BR\" \/>\n<meta property=\"og:type\" content=\"article\" \/>\n<meta property=\"og:title\" content=\"Defesa Civil - Prefeitura de Senhora do Porto\" \/>\n<meta property=\"og:description\" content=\"Defesa Civil O que \u00e9 a Defesa Civil? Defesa Civil \u00e9 um conjunto de a\u00e7\u00f5es que inclui preven\u00e7\u00e3o, mitiga\u00e7\u00e3o, resposta a emerg\u00eancias e recupera\u00e7\u00e3o de desastres. Seu prop\u00f3sito \u00e9 evitar ou minimizar os impactos de desastres naturais e provocados pelo homem, proteger a popula\u00e7\u00e3o, o patrim\u00f4nio e o meio ambiente, e restabelecer a normalidade social [&hellip;]\" \/>\n<meta property=\"og:url\" content=\"https:\/\/senhoradoporto.mg.gov.br\/index.php\/defesa-civil\/\" \/>\n<meta property=\"og:site_name\" content=\"Prefeitura de Senhora do Porto\" \/>\n<meta property=\"article:publisher\" content=\"https:\/\/www.facebook.com\/prefeituradesenhoradoporto\/?locale=pt_BR\" \/>\n<meta property=\"article:modified_time\" content=\"2026-01-05T18:59:23+00:00\" \/>\n<meta name=\"twitter:card\" content=\"summary_large_image\" \/>\n<meta name=\"twitter:label1\" content=\"Est. tempo de leitura\" \/>\n\t<meta name=\"twitter:data1\" content=\"2 minutos\" \/>\n<script type=\"application\/ld+json\" class=\"yoast-schema-graph\">{\"@context\":\"https:\/\/schema.org\",\"@graph\":[{\"@type\":\"WebPage\",\"@id\":\"https:\/\/senhoradoporto.mg.gov.br\/index.php\/defesa-civil\/\",\"url\":\"https:\/\/senhoradoporto.mg.gov.br\/index.php\/defesa-civil\/\",\"name\":\"Defesa Civil - Prefeitura de Senhora do Porto\",\"isPartOf\":{\"@id\":\"https:\/\/senhoradoporto.mg.gov.br\/#website\"},\"datePublished\":\"2025-10-22T20:39:43+00:00\",\"dateModified\":\"2026-01-05T18:59:23+00:00\",\"breadcrumb\":{\"@id\":\"https:\/\/senhoradoporto.mg.gov.br\/index.php\/defesa-civil\/#breadcrumb\"},\"inLanguage\":\"pt-BR\",\"potentialAction\":[{\"@type\":\"ReadAction\",\"target\":[\"https:\/\/senhoradoporto.mg.gov.br\/index.php\/defesa-civil\/\"]}]},{\"@type\":\"BreadcrumbList\",\"@id\":\"https:\/\/senhoradoporto.mg.gov.br\/index.php\/defesa-civil\/#breadcrumb\",\"itemListElement\":[{\"@type\":\"ListItem\",\"position\":1,\"name\":\"In\u00edcio\",\"item\":\"https:\/\/senhoradoporto.mg.gov.br\/\"},{\"@type\":\"ListItem\",\"position\":2,\"name\":\"Defesa Civil\"}]},{\"@type\":\"WebSite\",\"@id\":\"https:\/\/senhoradoporto.mg.gov.br\/#website\",\"url\":\"https:\/\/senhoradoporto.mg.gov.br\/\",\"name\":\"Prefeitura de Senhora do Porto\",\"description\":\"\",\"publisher\":{\"@id\":\"https:\/\/senhoradoporto.mg.gov.br\/#organization\"},\"potentialAction\":[{\"@type\":\"SearchAction\",\"target\":{\"@type\":\"EntryPoint\",\"urlTemplate\":\"https:\/\/senhoradoporto.mg.gov.br\/?s={search_term_string}\"},\"query-input\":{\"@type\":\"PropertyValueSpecification\",\"valueRequired\":true,\"valueName\":\"search_term_string\"}}],\"inLanguage\":\"pt-BR\"},{\"@type\":\"Organization\",\"@id\":\"https:\/\/senhoradoporto.mg.gov.br\/#organization\",\"name\":\"Prefeitura de Senhora do Porto\",\"url\":\"https:\/\/senhoradoporto.mg.gov.br\/\",\"logo\":{\"@type\":\"ImageObject\",\"inLanguage\":\"pt-BR\",\"@id\":\"https:\/\/senhoradoporto.mg.gov.br\/#\/schema\/logo\/image\/\",\"url\":\"https:\/\/senhoradoporto.mg.gov.br\/wp-content\/uploads\/2025\/06\/Logo-Senhora-do-Porto-Matriz.webp\",\"contentUrl\":\"https:\/\/senhoradoporto.mg.gov.br\/wp-content\/uploads\/2025\/06\/Logo-Senhora-do-Porto-Matriz.webp\",\"width\":2280,\"height\":2560,\"caption\":\"Prefeitura de Senhora do Porto\"},\"image\":{\"@id\":\"https:\/\/senhoradoporto.mg.gov.br\/#\/schema\/logo\/image\/\"},\"sameAs\":[\"https:\/\/www.facebook.com\/prefeituradesenhoradoporto\/?locale=pt_BR\"]}]}<\/script>\n<!-- \/ Yoast SEO plugin. -->","yoast_head_json":{"title":"Defesa Civil - Prefeitura de Senhora do Porto","robots":{"index":"index","follow":"follow","max-snippet":"max-snippet:-1","max-image-preview":"max-image-preview:large","max-video-preview":"max-video-preview:-1"},"canonical":"https:\/\/senhoradoporto.mg.gov.br\/index.php\/defesa-civil\/","og_locale":"pt_BR","og_type":"article","og_title":"Defesa Civil - Prefeitura de Senhora do Porto","og_description":"Defesa Civil O que \u00e9 a Defesa Civil? Defesa Civil \u00e9 um conjunto de a\u00e7\u00f5es que inclui preven\u00e7\u00e3o, mitiga\u00e7\u00e3o, resposta a emerg\u00eancias e recupera\u00e7\u00e3o de desastres. Seu prop\u00f3sito \u00e9 evitar ou minimizar os impactos de desastres naturais e provocados pelo homem, proteger a popula\u00e7\u00e3o, o patrim\u00f4nio e o meio ambiente, e restabelecer a normalidade social [&hellip;]","og_url":"https:\/\/senhoradoporto.mg.gov.br\/index.php\/defesa-civil\/","og_site_name":"Prefeitura de Senhora do Porto","article_publisher":"https:\/\/www.facebook.com\/prefeituradesenhoradoporto\/?locale=pt_BR","article_modified_time":"2026-01-05T18:59:23+00:00","twitter_card":"summary_large_image","twitter_misc":{"Est. tempo de leitura":"2 minutos"},"schema":{"@context":"https:\/\/schema.org","@graph":[{"@type":"WebPage","@id":"https:\/\/senhoradoporto.mg.gov.br\/index.php\/defesa-civil\/","url":"https:\/\/senhoradoporto.mg.gov.br\/index.php\/defesa-civil\/","name":"Defesa Civil - Prefeitura de Senhora do Porto","isPartOf":{"@id":"https:\/\/senhoradoporto.mg.gov.br\/#website"},"datePublished":"2025-10-22T20:39:43+00:00","dateModified":"2026-01-05T18:59:23+00:00","breadcrumb":{"@id":"https:\/\/senhoradoporto.mg.gov.br\/index.php\/defesa-civil\/#breadcrumb"},"inLanguage":"pt-BR","potentialAction":[{"@type":"ReadAction","target":["https:\/\/senhoradoporto.mg.gov.br\/index.php\/defesa-civil\/"]}]},{"@type":"BreadcrumbList","@id":"https:\/\/senhoradoporto.mg.gov.br\/index.php\/defesa-civil\/#breadcrumb","itemListElement":[{"@type":"ListItem","position":1,"name":"In\u00edcio","item":"https:\/\/senhoradoporto.mg.gov.br\/"},{"@type":"ListItem","position":2,"name":"Defesa Civil"}]},{"@type":"WebSite","@id":"https:\/\/senhoradoporto.mg.gov.br\/#website","url":"https:\/\/senhoradoporto.mg.gov.br\/","name":"Prefeitura de Senhora do Porto","description":"","publisher":{"@id":"https:\/\/senhoradoporto.mg.gov.br\/#organization"},"potentialAction":[{"@type":"SearchAction","target":{"@type":"EntryPoint","urlTemplate":"https:\/\/senhoradoporto.mg.gov.br\/?s={search_term_string}"},"query-input":{"@type":"PropertyValueSpecification","valueRequired":true,"valueName":"search_term_string"}}],"inLanguage":"pt-BR"},{"@type":"Organization","@id":"https:\/\/senhoradoporto.mg.gov.br\/#organization","name":"Prefeitura de Senhora do Porto","url":"https:\/\/senhoradoporto.mg.gov.br\/","logo":{"@type":"ImageObject","inLanguage":"pt-BR","@id":"https:\/\/senhoradoporto.mg.gov.br\/#\/schema\/logo\/image\/","url":"https:\/\/senhoradoporto.mg.gov.br\/wp-content\/uploads\/2025\/06\/Logo-Senhora-do-Porto-Matriz.webp","contentUrl":"https:\/\/senhoradoporto.mg.gov.br\/wp-content\/uploads\/2025\/06\/Logo-Senhora-do-Porto-Matriz.webp","width":2280,"height":2560,"caption":"Prefeitura de Senhora do Porto"},"image":{"@id":"https:\/\/senhoradoporto.mg.gov.br\/#\/schema\/logo\/image\/"},"sameAs":["https:\/\/www.facebook.com\/prefeituradesenhoradoporto\/?locale=pt_BR"]}]}},"_links":{"self":[{"href":"https:\/\/senhoradoporto.mg.gov.br\/index.php\/wp-json\/wp\/v2\/pages\/1043","targetHints":{"allow":["GET"]}}],"collection":[{"href":"https:\/\/senhoradoporto.mg.gov.br\/index.php\/wp-json\/wp\/v2\/pages"}],"about":[{"href":"https:\/\/senhoradoporto.mg.gov.br\/index.php\/wp-json\/wp\/v2\/types\/page"}],"author":[{"embeddable":true,"href":"https:\/\/senhoradoporto.mg.gov.br\/index.php\/wp-json\/wp\/v2\/users\/1"}],"replies":[{"embeddable":true,"href":"https:\/\/senhoradoporto.mg.gov.br\/index.php\/wp-json\/wp\/v2\/comments?post=1043"}],"version-history":[{"count":10,"href":"https:\/\/senhoradoporto.mg.gov.br\/index.php\/wp-json\/wp\/v2\/pages\/1043\/revisions"}],"predecessor-version":[{"id":1224,"href":"https:\/\/senhoradoporto.mg.gov.br\/index.php\/wp-json\/wp\/v2\/pages\/1043\/revisions\/1224"}],"wp:attachment":[{"href":"https:\/\/senhoradoporto.mg.gov.br\/index.php\/wp-json\/wp\/v2\/media?parent=1043"}],"curies":[{"name":"wp","href":"https:\/\/api.w.org\/{rel}","templated":true}]}}