{"id":1123,"date":"2025-12-22T11:27:00","date_gmt":"2025-12-22T14:27:00","guid":{"rendered":"https:\/\/senhoradoporto.mg.gov.br\/?page_id=1123"},"modified":"2026-01-09T16:44:08","modified_gmt":"2026-01-09T19:44:08","slug":"processo-seletivo-2","status":"publish","type":"page","link":"https:\/\/senhoradoporto.mg.gov.br\/index.php\/processo-seletivo-2\/","title":{"rendered":"Editais"},"content":{"rendered":"\t\t<div data-elementor-type=\"wp-page\" data-elementor-id=\"1123\" class=\"elementor elementor-1123\" data-elementor-post-type=\"page\">\n\t\t\t\t<div class=\"elementor-element elementor-element-a68379d e-flex e-con-boxed e-con e-parent\" data-id=\"a68379d\" data-element_type=\"container\" data-e-type=\"container\">\n\t\t\t\t\t<div class=\"e-con-inner\">\n\t\t<div class=\"elementor-element elementor-element-f481e6c e-con-full e-flex e-con e-child\" data-id=\"f481e6c\" data-element_type=\"container\" data-e-type=\"container\">\n\t\t\t\t<div class=\"elementor-element elementor-element-223e23c elementor-widget elementor-widget-shortcode\" data-id=\"223e23c\" data-element_type=\"widget\" data-e-type=\"widget\" data-widget_type=\"shortcode.default\">\n\t\t\t\t<div class=\"elementor-widget-container\">\n\t\t\t\t\t\t\t<div class=\"elementor-shortcode\"><span><span><a href=\"https:\/\/senhoradoporto.mg.gov.br\/\">In\u00edcio<\/a><\/span><\/span><\/div>\n\t\t\t\t\t\t<\/div>\n\t\t\t\t<\/div>\n\t\t\t\t<\/div>\n\t\t\t\t\t<\/div>\n\t\t\t\t<\/div>\n\t\t<div class=\"elementor-element elementor-element-56c79a8 e-flex e-con-boxed e-con e-parent\" data-id=\"56c79a8\" data-element_type=\"container\" data-e-type=\"container\">\n\t\t\t\t\t<div class=\"e-con-inner\">\n\t\t<div class=\"elementor-element elementor-element-516aef4 e-con-full e-flex e-con e-child\" data-id=\"516aef4\" data-element_type=\"container\" data-e-type=\"container\">\n\t\t\t\t<div class=\"elementor-element elementor-element-cc3eed2 elementor-widget elementor-widget-heading\" data-id=\"cc3eed2\" data-element_type=\"widget\" data-e-type=\"widget\" data-widget_type=\"heading.default\">\n\t\t\t\t<div class=\"elementor-widget-container\">\n\t\t\t\t\t<h2 class=\"elementor-heading-title elementor-size-default\">Editais<\/h2>\t\t\t\t<\/div>\n\t\t\t\t<\/div>\n\t\t\t\t<\/div>\n\t\t<div class=\"elementor-element elementor-element-19b005c e-con-full e-flex e-con e-child\" data-id=\"19b005c\" data-element_type=\"container\" data-e-type=\"container\">\n\t\t\t\t<div class=\"elementor-element elementor-element-ba59f43 elementor-flip-box--effect-flip elementor-flip-box--direction-up elementor-widget elementor-widget-flip-box\" data-id=\"ba59f43\" data-element_type=\"widget\" data-e-type=\"widget\" data-widget_type=\"flip-box.default\">\n\t\t\t\t<div class=\"elementor-widget-container\">\n\t\t\t\t\t\t\t<div class=\"elementor-flip-box\" tabindex=\"0\">\n\t\t\t<div class=\"elementor-flip-box__layer elementor-flip-box__front\">\n\t\t\t\t<div class=\"elementor-flip-box__layer__overlay\">\n\t\t\t\t\t<div class=\"elementor-flip-box__layer__inner\">\n\t\t\t\t\t\t\t\t\t\t\t\t\t<div class=\"elementor-icon-wrapper elementor-view-default\">\n\t\t\t\t\t\t\t\t<div class=\"elementor-icon\">\n\t\t\t\t\t\t\t\t\t<svg aria-hidden=\"true\" class=\"e-font-icon-svg e-fas-file-alt\" viewBox=\"0 0 384 512\" xmlns=\"http:\/\/www.w3.org\/2000\/svg\"><path d=\"M224 136V0H24C10.7 0 0 10.7 0 24v464c0 13.3 10.7 24 24 24h336c13.3 0 24-10.7 24-24V160H248c-13.2 0-24-10.8-24-24zm64 236c0 6.6-5.4 12-12 12H108c-6.6 0-12-5.4-12-12v-8c0-6.6 5.4-12 12-12h168c6.6 0 12 5.4 12 12v8zm0-64c0 6.6-5.4 12-12 12H108c-6.6 0-12-5.4-12-12v-8c0-6.6 5.4-12 12-12h168c6.6 0 12 5.4 12 12v8zm0-72v8c0 6.6-5.4 12-12 12H108c-6.6 0-12-5.4-12-12v-8c0-6.6 5.4-12 12-12h168c6.6 0 12 5.4 12 12zm96-114.1v6.1H256V0h6.1c6.4 0 12.5 2.5 17 7l97.9 98c4.5 4.5 7 10.6 7 16.9z\"><\/path><\/svg>\t\t\t\t\t\t\t\t<\/div>\n\t\t\t\t\t\t\t<\/div>\n\t\t\t\t\t\t\n\t\t\t\t\t\t\t\t\t\t\t\t\t<h3 class=\"elementor-flip-box__layer__title\">\n\t\t\t\t\t\t\t\tProcessos Licitat\u00f3rios\t\t\t\t\t\t\t<\/h3>\n\t\t\t\t\t\t\n\t\t\t\t\t\t\t\t\t\t\t\t\t<div class=\"elementor-flip-box__layer__description\">\n\t\t\t\t\t\t\t\tAcesse os editais de Processos licitat\u00f3rios\t\t\t\t\t\t\t<\/div>\n\t\t\t\t\t\t\t\t\t\t\t<\/div>\n\t\t\t\t<\/div>\n\t\t\t<\/div>\n\t\t\t<div class=\"elementor-flip-box__layer elementor-flip-box__back\">\n\t\t\t<div class=\"elementor-flip-box__layer__overlay\">\n\t\t\t\t<div class=\"elementor-flip-box__layer__inner\">\n\t\t\t\t\t\n\t\t\t\t\t\n\t\t\t\t\t\t\t\t\t\t\t<a class=\"elementor-flip-box__button elementor-button elementor-size-sm\" href=\"https:\/\/senhoradoporto.mg.gov.br\/index.php\/processos-licitatorios\/\">\n\t\t\t\t\t\t\tClick Aqui\t\t\t\t\t\t<\/a>\n\t\t\t\t\t\t\t\t<\/div>\n\t\t<\/div>\n\t\t<\/div>\n\t\t<\/div>\n\t\t\t\t\t\t<\/div>\n\t\t\t\t<\/div>\n\t\t\t\t<\/div>\n\t\t<div class=\"elementor-element elementor-element-e3d2015 e-con-full e-flex e-con e-child\" data-id=\"e3d2015\" data-element_type=\"container\" data-e-type=\"container\">\n\t\t\t\t<div class=\"elementor-element elementor-element-2d1980f elementor-flip-box--effect-flip elementor-flip-box--direction-up elementor-widget elementor-widget-flip-box\" data-id=\"2d1980f\" data-element_type=\"widget\" data-e-type=\"widget\" data-widget_type=\"flip-box.default\">\n\t\t\t\t<div class=\"elementor-widget-container\">\n\t\t\t\t\t\t\t<div class=\"elementor-flip-box\" tabindex=\"0\">\n\t\t\t<div class=\"elementor-flip-box__layer elementor-flip-box__front\">\n\t\t\t\t<div class=\"elementor-flip-box__layer__overlay\">\n\t\t\t\t\t<div class=\"elementor-flip-box__layer__inner\">\n\t\t\t\t\t\t\t\t\t\t\t\t\t<div class=\"elementor-icon-wrapper elementor-view-default\">\n\t\t\t\t\t\t\t\t<div class=\"elementor-icon\">\n\t\t\t\t\t\t\t\t\t<svg aria-hidden=\"true\" class=\"e-font-icon-svg e-fas-file-alt\" viewBox=\"0 0 384 512\" xmlns=\"http:\/\/www.w3.org\/2000\/svg\"><path d=\"M224 136V0H24C10.7 0 0 10.7 0 24v464c0 13.3 10.7 24 24 24h336c13.3 0 24-10.7 24-24V160H248c-13.2 0-24-10.8-24-24zm64 236c0 6.6-5.4 12-12 12H108c-6.6 0-12-5.4-12-12v-8c0-6.6 5.4-12 12-12h168c6.6 0 12 5.4 12 12v8zm0-64c0 6.6-5.4 12-12 12H108c-6.6 0-12-5.4-12-12v-8c0-6.6 5.4-12 12-12h168c6.6 0 12 5.4 12 12v8zm0-72v8c0 6.6-5.4 12-12 12H108c-6.6 0-12-5.4-12-12v-8c0-6.6 5.4-12 12-12h168c6.6 0 12 5.4 12 12zm96-114.1v6.1H256V0h6.1c6.4 0 12.5 2.5 17 7l97.9 98c4.5 4.5 7 10.6 7 16.9z\"><\/path><\/svg>\t\t\t\t\t\t\t\t<\/div>\n\t\t\t\t\t\t\t<\/div>\n\t\t\t\t\t\t\n\t\t\t\t\t\t\t\t\t\t\t\t\t<h3 class=\"elementor-flip-box__layer__title\">\n\t\t\t\t\t\t\t\tProcessos Seletivo\t\t\t\t\t\t\t<\/h3>\n\t\t\t\t\t\t\n\t\t\t\t\t\t\t\t\t\t\t\t\t<div class=\"elementor-flip-box__layer__description\">\n\t\t\t\t\t\t\t\tAcesse os editais de Processos Seletivo\t\t\t\t\t\t\t<\/div>\n\t\t\t\t\t\t\t\t\t\t\t<\/div>\n\t\t\t\t<\/div>\n\t\t\t<\/div>\n\t\t\t<div class=\"elementor-flip-box__layer elementor-flip-box__back\">\n\t\t\t<div class=\"elementor-flip-box__layer__overlay\">\n\t\t\t\t<div class=\"elementor-flip-box__layer__inner\">\n\t\t\t\t\t\n\t\t\t\t\t\n\t\t\t\t\t\t\t\t\t\t\t<a class=\"elementor-flip-box__button elementor-button elementor-size-sm\" href=\"https:\/\/senhoradoporto.mg.gov.br\/index.php\/processo-seletivo\/\">\n\t\t\t\t\t\t\tClick Aqui\t\t\t\t\t\t<\/a>\n\t\t\t\t\t\t\t\t<\/div>\n\t\t<\/div>\n\t\t<\/div>\n\t\t<\/div>\n\t\t\t\t\t\t<\/div>\n\t\t\t\t<\/div>\n\t\t\t\t<\/div>\n\t\t<div class=\"elementor-element elementor-element-e153c83 e-con-full e-flex e-con e-child\" data-id=\"e153c83\" data-element_type=\"container\" data-e-type=\"container\">\n\t\t\t\t<div class=\"elementor-element elementor-element-7790c28 elementor-flip-box--effect-flip elementor-flip-box--direction-up elementor-widget elementor-widget-flip-box\" data-id=\"7790c28\" data-element_type=\"widget\" data-e-type=\"widget\" data-widget_type=\"flip-box.default\">\n\t\t\t\t<div class=\"elementor-widget-container\">\n\t\t\t\t\t\t\t<div class=\"elementor-flip-box\" tabindex=\"0\">\n\t\t\t<div class=\"elementor-flip-box__layer elementor-flip-box__front\">\n\t\t\t\t<div class=\"elementor-flip-box__layer__overlay\">\n\t\t\t\t\t<div class=\"elementor-flip-box__layer__inner\">\n\t\t\t\t\t\t\t\t\t\t\t\t\t<div class=\"elementor-icon-wrapper elementor-view-default\">\n\t\t\t\t\t\t\t\t<div class=\"elementor-icon\">\n\t\t\t\t\t\t\t\t\t<svg aria-hidden=\"true\" class=\"e-font-icon-svg e-fas-file-alt\" viewBox=\"0 0 384 512\" xmlns=\"http:\/\/www.w3.org\/2000\/svg\"><path d=\"M224 136V0H24C10.7 0 0 10.7 0 24v464c0 13.3 10.7 24 24 24h336c13.3 0 24-10.7 24-24V160H248c-13.2 0-24-10.8-24-24zm64 236c0 6.6-5.4 12-12 12H108c-6.6 0-12-5.4-12-12v-8c0-6.6 5.4-12 12-12h168c6.6 0 12 5.4 12 12v8zm0-64c0 6.6-5.4 12-12 12H108c-6.6 0-12-5.4-12-12v-8c0-6.6 5.4-12 12-12h168c6.6 0 12 5.4 12 12v8zm0-72v8c0 6.6-5.4 12-12 12H108c-6.6 0-12-5.4-12-12v-8c0-6.6 5.4-12 12-12h168c6.6 0 12 5.4 12 12zm96-114.1v6.1H256V0h6.1c6.4 0 12.5 2.5 17 7l97.9 98c4.5 4.5 7 10.6 7 16.9z\"><\/path><\/svg>\t\t\t\t\t\t\t\t<\/div>\n\t\t\t\t\t\t\t<\/div>\n\t\t\t\t\t\t\n\t\t\t\t\t\t\t\t\t\t\t\t\t<h3 class=\"elementor-flip-box__layer__title\">\n\t\t\t\t\t\t\t\tConcurso P\u00fablico\t\t\t\t\t\t\t<\/h3>\n\t\t\t\t\t\t\n\t\t\t\t\t\t\t\t\t\t\t\t\t<div class=\"elementor-flip-box__layer__description\">\n\t\t\t\t\t\t\t\tAcesse os editais de Concurso P\u00fablico\t\t\t\t\t\t\t<\/div>\n\t\t\t\t\t\t\t\t\t\t\t<\/div>\n\t\t\t\t<\/div>\n\t\t\t<\/div>\n\t\t\t<div class=\"elementor-flip-box__layer elementor-flip-box__back\">\n\t\t\t<div class=\"elementor-flip-box__layer__overlay\">\n\t\t\t\t<div class=\"elementor-flip-box__layer__inner\">\n\t\t\t\t\t\n\t\t\t\t\t\n\t\t\t\t\t\t\t\t\t\t\t<a class=\"elementor-flip-box__button elementor-button elementor-size-sm\" href=\"https:\/\/senhoradoporto.mg.gov.br\/index.php\/concurso-publico\/\">\n\t\t\t\t\t\t\tClick Aqui\t\t\t\t\t\t<\/a>\n\t\t\t\t\t\t\t\t<\/div>\n\t\t<\/div>\n\t\t<\/div>\n\t\t<\/div>\n\t\t\t\t\t\t<\/div>\n\t\t\t\t<\/div>\n\t\t\t\t<\/div>\n\t\t<div class=\"elementor-element elementor-element-78eebcf e-con-full e-flex e-con e-child\" data-id=\"78eebcf\" data-element_type=\"container\" data-e-type=\"container\">\n\t\t\t\t<\/div>\n\t\t<div class=\"elementor-element elementor-element-b5566a5 e-con-full e-flex e-con e-child\" data-id=\"b5566a5\" data-element_type=\"container\" data-e-type=\"container\">\n\t\t\t\t<\/div>\n\t\t<div class=\"elementor-element elementor-element-9add4ca e-con-full e-flex e-con e-child\" data-id=\"9add4ca\" data-element_type=\"container\" data-e-type=\"container\">\n\t\t\t\t<\/div>\n\t\t\t\t\t<\/div>\n\t\t\t\t<\/div>\n\t\t\t\t<\/div>\n\t\t","protected":false},"excerpt":{"rendered":"<p>Editais Processos Licitat\u00f3rios Acesse os editais de Processos licitat\u00f3rios Click Aqui Processos Seletivo Acesse os editais de Processos Seletivo Click Aqui Concurso P\u00fablico Acesse os editais de Concurso P\u00fablico Click Aqui<\/p>\n","protected":false},"author":1,"featured_media":0,"parent":0,"menu_order":0,"comment_status":"closed","ping_status":"closed","template":"elementor_header_footer","meta":{"footnotes":""},"class_list":["post-1123","page","type-page","status-publish","hentry"],"yoast_head":"<!-- This site is optimized with the Yoast SEO plugin v27.2 - https:\/\/yoast.com\/product\/yoast-seo-wordpress\/ -->\n<title>Editais - Prefeitura de Senhora do Porto<\/title>\n<meta name=\"robots\" content=\"index, follow, max-snippet:-1, max-image-preview:large, max-video-preview:-1\" \/>\n<link rel=\"canonical\" href=\"https:\/\/senhoradoporto.mg.gov.br\/index.php\/processo-seletivo-2\/\" \/>\n<meta property=\"og:locale\" content=\"pt_BR\" \/>\n<meta property=\"og:type\" content=\"article\" \/>\n<meta property=\"og:title\" content=\"Editais - Prefeitura de Senhora do Porto\" \/>\n<meta property=\"og:description\" content=\"Editais Processos Licitat\u00f3rios Acesse os editais de Processos licitat\u00f3rios Click Aqui Processos Seletivo Acesse os editais de Processos Seletivo Click Aqui Concurso P\u00fablico Acesse os editais de Concurso P\u00fablico Click Aqui\" \/>\n<meta property=\"og:url\" content=\"https:\/\/senhoradoporto.mg.gov.br\/index.php\/processo-seletivo-2\/\" \/>\n<meta property=\"og:site_name\" content=\"Prefeitura de Senhora do Porto\" \/>\n<meta property=\"article:publisher\" content=\"https:\/\/www.facebook.com\/prefeituradesenhoradoporto\/?locale=pt_BR\" \/>\n<meta property=\"article:modified_time\" content=\"2026-01-09T19:44:08+00:00\" \/>\n<meta name=\"twitter:card\" content=\"summary_large_image\" \/>\n<meta name=\"twitter:label1\" content=\"Est. tempo de leitura\" \/>\n\t<meta name=\"twitter:data1\" content=\"1 minuto\" \/>\n<script type=\"application\/ld+json\" class=\"yoast-schema-graph\">{\"@context\":\"https:\/\/schema.org\",\"@graph\":[{\"@type\":\"WebPage\",\"@id\":\"https:\/\/senhoradoporto.mg.gov.br\/index.php\/processo-seletivo-2\/\",\"url\":\"https:\/\/senhoradoporto.mg.gov.br\/index.php\/processo-seletivo-2\/\",\"name\":\"Editais - Prefeitura de Senhora do Porto\",\"isPartOf\":{\"@id\":\"https:\/\/senhoradoporto.mg.gov.br\/#website\"},\"datePublished\":\"2025-12-22T14:27:00+00:00\",\"dateModified\":\"2026-01-09T19:44:08+00:00\",\"breadcrumb\":{\"@id\":\"https:\/\/senhoradoporto.mg.gov.br\/index.php\/processo-seletivo-2\/#breadcrumb\"},\"inLanguage\":\"pt-BR\",\"potentialAction\":[{\"@type\":\"ReadAction\",\"target\":[\"https:\/\/senhoradoporto.mg.gov.br\/index.php\/processo-seletivo-2\/\"]}]},{\"@type\":\"BreadcrumbList\",\"@id\":\"https:\/\/senhoradoporto.mg.gov.br\/index.php\/processo-seletivo-2\/#breadcrumb\",\"itemListElement\":[{\"@type\":\"ListItem\",\"position\":1,\"name\":\"In\u00edcio\",\"item\":\"https:\/\/senhoradoporto.mg.gov.br\/\"},{\"@type\":\"ListItem\",\"position\":2,\"name\":\"Editais\"}]},{\"@type\":\"WebSite\",\"@id\":\"https:\/\/senhoradoporto.mg.gov.br\/#website\",\"url\":\"https:\/\/senhoradoporto.mg.gov.br\/\",\"name\":\"Prefeitura de Senhora do Porto\",\"description\":\"\",\"publisher\":{\"@id\":\"https:\/\/senhoradoporto.mg.gov.br\/#organization\"},\"potentialAction\":[{\"@type\":\"SearchAction\",\"target\":{\"@type\":\"EntryPoint\",\"urlTemplate\":\"https:\/\/senhoradoporto.mg.gov.br\/?s={search_term_string}\"},\"query-input\":{\"@type\":\"PropertyValueSpecification\",\"valueRequired\":true,\"valueName\":\"search_term_string\"}}],\"inLanguage\":\"pt-BR\"},{\"@type\":\"Organization\",\"@id\":\"https:\/\/senhoradoporto.mg.gov.br\/#organization\",\"name\":\"Prefeitura de Senhora do Porto\",\"url\":\"https:\/\/senhoradoporto.mg.gov.br\/\",\"logo\":{\"@type\":\"ImageObject\",\"inLanguage\":\"pt-BR\",\"@id\":\"https:\/\/senhoradoporto.mg.gov.br\/#\/schema\/logo\/image\/\",\"url\":\"https:\/\/senhoradoporto.mg.gov.br\/wp-content\/uploads\/2025\/06\/Logo-Senhora-do-Porto-Matriz.webp\",\"contentUrl\":\"https:\/\/senhoradoporto.mg.gov.br\/wp-content\/uploads\/2025\/06\/Logo-Senhora-do-Porto-Matriz.webp\",\"width\":2280,\"height\":2560,\"caption\":\"Prefeitura de Senhora do Porto\"},\"image\":{\"@id\":\"https:\/\/senhoradoporto.mg.gov.br\/#\/schema\/logo\/image\/\"},\"sameAs\":[\"https:\/\/www.facebook.com\/prefeituradesenhoradoporto\/?locale=pt_BR\"]}]}<\/script>\n<!-- \/ Yoast SEO plugin. -->","yoast_head_json":{"title":"Editais - Prefeitura de Senhora do Porto","robots":{"index":"index","follow":"follow","max-snippet":"max-snippet:-1","max-image-preview":"max-image-preview:large","max-video-preview":"max-video-preview:-1"},"canonical":"https:\/\/senhoradoporto.mg.gov.br\/index.php\/processo-seletivo-2\/","og_locale":"pt_BR","og_type":"article","og_title":"Editais - Prefeitura de Senhora do Porto","og_description":"Editais Processos Licitat\u00f3rios Acesse os editais de Processos licitat\u00f3rios Click Aqui Processos Seletivo Acesse os editais de Processos Seletivo Click Aqui Concurso P\u00fablico Acesse os editais de Concurso P\u00fablico Click Aqui","og_url":"https:\/\/senhoradoporto.mg.gov.br\/index.php\/processo-seletivo-2\/","og_site_name":"Prefeitura de Senhora do Porto","article_publisher":"https:\/\/www.facebook.com\/prefeituradesenhoradoporto\/?locale=pt_BR","article_modified_time":"2026-01-09T19:44:08+00:00","twitter_card":"summary_large_image","twitter_misc":{"Est. tempo de leitura":"1 minuto"},"schema":{"@context":"https:\/\/schema.org","@graph":[{"@type":"WebPage","@id":"https:\/\/senhoradoporto.mg.gov.br\/index.php\/processo-seletivo-2\/","url":"https:\/\/senhoradoporto.mg.gov.br\/index.php\/processo-seletivo-2\/","name":"Editais - Prefeitura de Senhora do Porto","isPartOf":{"@id":"https:\/\/senhoradoporto.mg.gov.br\/#website"},"datePublished":"2025-12-22T14:27:00+00:00","dateModified":"2026-01-09T19:44:08+00:00","breadcrumb":{"@id":"https:\/\/senhoradoporto.mg.gov.br\/index.php\/processo-seletivo-2\/#breadcrumb"},"inLanguage":"pt-BR","potentialAction":[{"@type":"ReadAction","target":["https:\/\/senhoradoporto.mg.gov.br\/index.php\/processo-seletivo-2\/"]}]},{"@type":"BreadcrumbList","@id":"https:\/\/senhoradoporto.mg.gov.br\/index.php\/processo-seletivo-2\/#breadcrumb","itemListElement":[{"@type":"ListItem","position":1,"name":"In\u00edcio","item":"https:\/\/senhoradoporto.mg.gov.br\/"},{"@type":"ListItem","position":2,"name":"Editais"}]},{"@type":"WebSite","@id":"https:\/\/senhoradoporto.mg.gov.br\/#website","url":"https:\/\/senhoradoporto.mg.gov.br\/","name":"Prefeitura de Senhora do Porto","description":"","publisher":{"@id":"https:\/\/senhoradoporto.mg.gov.br\/#organization"},"potentialAction":[{"@type":"SearchAction","target":{"@type":"EntryPoint","urlTemplate":"https:\/\/senhoradoporto.mg.gov.br\/?s={search_term_string}"},"query-input":{"@type":"PropertyValueSpecification","valueRequired":true,"valueName":"search_term_string"}}],"inLanguage":"pt-BR"},{"@type":"Organization","@id":"https:\/\/senhoradoporto.mg.gov.br\/#organization","name":"Prefeitura de Senhora do Porto","url":"https:\/\/senhoradoporto.mg.gov.br\/","logo":{"@type":"ImageObject","inLanguage":"pt-BR","@id":"https:\/\/senhoradoporto.mg.gov.br\/#\/schema\/logo\/image\/","url":"https:\/\/senhoradoporto.mg.gov.br\/wp-content\/uploads\/2025\/06\/Logo-Senhora-do-Porto-Matriz.webp","contentUrl":"https:\/\/senhoradoporto.mg.gov.br\/wp-content\/uploads\/2025\/06\/Logo-Senhora-do-Porto-Matriz.webp","width":2280,"height":2560,"caption":"Prefeitura de Senhora do Porto"},"image":{"@id":"https:\/\/senhoradoporto.mg.gov.br\/#\/schema\/logo\/image\/"},"sameAs":["https:\/\/www.facebook.com\/prefeituradesenhoradoporto\/?locale=pt_BR"]}]}},"_links":{"self":[{"href":"https:\/\/senhoradoporto.mg.gov.br\/index.php\/wp-json\/wp\/v2\/pages\/1123","targetHints":{"allow":["GET"]}}],"collection":[{"href":"https:\/\/senhoradoporto.mg.gov.br\/index.php\/wp-json\/wp\/v2\/pages"}],"about":[{"href":"https:\/\/senhoradoporto.mg.gov.br\/index.php\/wp-json\/wp\/v2\/types\/page"}],"author":[{"embeddable":true,"href":"https:\/\/senhoradoporto.mg.gov.br\/index.php\/wp-json\/wp\/v2\/users\/1"}],"replies":[{"embeddable":true,"href":"https:\/\/senhoradoporto.mg.gov.br\/index.php\/wp-json\/wp\/v2\/comments?post=1123"}],"version-history":[{"count":12,"href":"https:\/\/senhoradoporto.mg.gov.br\/index.php\/wp-json\/wp\/v2\/pages\/1123\/revisions"}],"predecessor-version":[{"id":1355,"href":"https:\/\/senhoradoporto.mg.gov.br\/index.php\/wp-json\/wp\/v2\/pages\/1123\/revisions\/1355"}],"wp:attachment":[{"href":"https:\/\/senhoradoporto.mg.gov.br\/index.php\/wp-json\/wp\/v2\/media?parent=1123"}],"curies":[{"name":"wp","href":"https:\/\/api.w.org\/{rel}","templated":true}]}}