{"id":118,"date":"2026-01-03T11:29:27","date_gmt":"2026-01-03T14:29:27","guid":{"rendered":"https:\/\/senhoradoporto.mg.gov.br\/?page_id=118"},"modified":"2026-01-05T16:02:28","modified_gmt":"2026-01-05T19:02:28","slug":"elementor-118","status":"publish","type":"page","link":"https:\/\/senhoradoporto.mg.gov.br\/index.php\/elementor-118\/","title":{"rendered":"Carta de Servi\u00e7os ao usu\u00e1rio"},"content":{"rendered":"\t\t<div data-elementor-type=\"wp-page\" data-elementor-id=\"118\" class=\"elementor elementor-118\" data-elementor-post-type=\"page\">\n\t\t\t\t<div class=\"elementor-element elementor-element-d51f08c e-flex e-con-boxed e-con e-parent\" data-id=\"d51f08c\" data-element_type=\"container\" data-e-type=\"container\">\n\t\t\t\t\t<div class=\"e-con-inner\">\n\t\t<div class=\"elementor-element elementor-element-77beb93 e-con-full e-flex e-con e-child\" data-id=\"77beb93\" data-element_type=\"container\" data-e-type=\"container\">\n\t\t\t\t<div class=\"elementor-element elementor-element-84ff559 elementor-widget elementor-widget-shortcode\" data-id=\"84ff559\" data-element_type=\"widget\" data-e-type=\"widget\" data-widget_type=\"shortcode.default\">\n\t\t\t\t<div class=\"elementor-widget-container\">\n\t\t\t\t\t\t\t<div class=\"elementor-shortcode\"><span><span><a href=\"https:\/\/senhoradoporto.mg.gov.br\/\">In\u00edcio<\/a><\/span><\/span><\/div>\n\t\t\t\t\t\t<\/div>\n\t\t\t\t<\/div>\n\t\t\t\t<\/div>\n\t\t\t\t\t<\/div>\n\t\t\t\t<\/div>\n\t\t<div class=\"elementor-element elementor-element-dd8050f e-flex e-con-boxed e-con e-parent\" data-id=\"dd8050f\" data-element_type=\"container\" data-e-type=\"container\">\n\t\t\t\t\t<div class=\"e-con-inner\">\n\t\t\t\t<div class=\"elementor-element elementor-element-df7bde4 elementor-widget elementor-widget-heading\" data-id=\"df7bde4\" data-element_type=\"widget\" data-e-type=\"widget\" data-widget_type=\"heading.default\">\n\t\t\t\t<div class=\"elementor-widget-container\">\n\t\t\t\t\t<h2 class=\"elementor-heading-title elementor-size-default\">CARTA DE SERVI\u00c7OS AO USU\u00c1RIO<\/h2>\t\t\t\t<\/div>\n\t\t\t\t<\/div>\n\t\t\t\t\t<\/div>\n\t\t\t\t<\/div>\n\t\t<div class=\"elementor-element elementor-element-b736009 e-flex e-con-boxed e-con e-parent\" data-id=\"b736009\" data-element_type=\"container\" data-e-type=\"container\">\n\t\t\t\t\t<div class=\"e-con-inner\">\n\t\t\t\t<div class=\"elementor-element elementor-element-5a3be4e elementor-widget elementor-widget-text-editor\" data-id=\"5a3be4e\" data-element_type=\"widget\" data-e-type=\"widget\" data-widget_type=\"text-editor.default\">\n\t\t\t\t<div class=\"elementor-widget-container\">\n\t\t\t\t\t\t\t\t\t<p style=\"text-align: center;\">O atendimento ao cidad\u00e3o na entrega de pol\u00edticas p\u00fablicas de qualidade \u00e9 sempre o objetivo final\u00edstico da Gest\u00e3o P\u00fablica, que deve primar pela moderniza\u00e7\u00e3o, efici\u00eancia, excel\u00eancia e democratiza\u00e7\u00e3o de seus resultados, assegurando o princ\u00edpio fundamental constitucional da cidadania. Desta forma, a Prefeitura Municipal de Senhora Do Porto (MG), cumprindo a Lei 13.460\/2017, de 26 de junho de 2017, que estabelece a Carta de Servi\u00e7os ao Cidad\u00e3o, tem por objetivo informar o cidad\u00e3o dos servi\u00e7os prestados pelo \u00f3rg\u00e3o ou entidade, formas de acesso e respectivos compromissos e padr\u00f5es de qualidade de atendimento ao p\u00fablico. A sua pr\u00e1tica implica para a organiza\u00e7\u00e3o um processo de transforma\u00e7\u00e3o sustentado em princ\u00edpios fundamentais \u2013 participa\u00e7\u00e3o e comprometimento, informa\u00e7\u00e3o e transpar\u00eancia, aprendizagem e participa\u00e7\u00e3o do cidad\u00e3o. Esses princ\u00edpios t\u00eam como premissas o foco no cidad\u00e3o e a indu\u00e7\u00e3o do controle social. Nesse sentido, convidamos os cidad\u00e3os a conhecer nossa Carta de Servi\u00e7os e descobrir o que a prefeitura tem a oferecer.<\/p>\t\t\t\t\t\t\t\t<\/div>\n\t\t\t\t<\/div>\n\t\t\t\t<div class=\"elementor-element elementor-element-398659f elementor-align-center elementor-widget elementor-widget-button\" data-id=\"398659f\" data-element_type=\"widget\" data-e-type=\"widget\" data-widget_type=\"button.default\">\n\t\t\t\t<div class=\"elementor-widget-container\">\n\t\t\t\t\t\t\t\t\t<div class=\"elementor-button-wrapper\">\n\t\t\t\t\t<a class=\"elementor-button elementor-button-link elementor-size-sm\" href=\"http:\/\/senhoradoporto.mg.gov.br\/wp-content\/uploads\/2026\/01\/7bJCHBJX5yCT7DEy7JTdNHQ5.pdf\">\n\t\t\t\t\t\t<span class=\"elementor-button-content-wrapper\">\n\t\t\t\t\t\t\t\t\t<span class=\"elementor-button-text\">Clique aqui para Baixar<\/span>\n\t\t\t\t\t<\/span>\n\t\t\t\t\t<\/a>\n\t\t\t\t<\/div>\n\t\t\t\t\t\t\t\t<\/div>\n\t\t\t\t<\/div>\n\t\t\t\t\t<\/div>\n\t\t\t\t<\/div>\n\t\t\t\t<\/div>\n\t\t","protected":false},"excerpt":{"rendered":"<p>CARTA DE SERVI\u00c7OS AO USU\u00c1RIO O atendimento ao cidad\u00e3o na entrega de pol\u00edticas p\u00fablicas de qualidade \u00e9 sempre o objetivo final\u00edstico da Gest\u00e3o P\u00fablica, que deve primar pela moderniza\u00e7\u00e3o, efici\u00eancia, excel\u00eancia e democratiza\u00e7\u00e3o de seus resultados, assegurando o princ\u00edpio fundamental constitucional da cidadania. Desta forma, a Prefeitura Municipal de Senhora Do Porto (MG), cumprindo a [&hellip;]<\/p>\n","protected":false},"author":1,"featured_media":0,"parent":0,"menu_order":0,"comment_status":"closed","ping_status":"closed","template":"elementor_header_footer","meta":{"footnotes":""},"class_list":["post-118","page","type-page","status-publish","hentry"],"yoast_head":"<!-- This site is optimized with the Yoast SEO plugin v27.2 - https:\/\/yoast.com\/product\/yoast-seo-wordpress\/ -->\n<title>Carta de Servi\u00e7os ao usu\u00e1rio - Prefeitura de Senhora do Porto<\/title>\n<meta name=\"robots\" content=\"index, follow, max-snippet:-1, max-image-preview:large, max-video-preview:-1\" \/>\n<link rel=\"canonical\" href=\"https:\/\/senhoradoporto.mg.gov.br\/index.php\/elementor-118\/\" \/>\n<meta property=\"og:locale\" content=\"pt_BR\" \/>\n<meta property=\"og:type\" content=\"article\" \/>\n<meta property=\"og:title\" content=\"Carta de Servi\u00e7os ao usu\u00e1rio - Prefeitura de Senhora do Porto\" \/>\n<meta property=\"og:description\" content=\"CARTA DE SERVI\u00c7OS AO USU\u00c1RIO O atendimento ao cidad\u00e3o na entrega de pol\u00edticas p\u00fablicas de qualidade \u00e9 sempre o objetivo final\u00edstico da Gest\u00e3o P\u00fablica, que deve primar pela moderniza\u00e7\u00e3o, efici\u00eancia, excel\u00eancia e democratiza\u00e7\u00e3o de seus resultados, assegurando o princ\u00edpio fundamental constitucional da cidadania. Desta forma, a Prefeitura Municipal de Senhora Do Porto (MG), cumprindo a [&hellip;]\" \/>\n<meta property=\"og:url\" content=\"https:\/\/senhoradoporto.mg.gov.br\/index.php\/elementor-118\/\" \/>\n<meta property=\"og:site_name\" content=\"Prefeitura de Senhora do Porto\" \/>\n<meta property=\"article:publisher\" content=\"https:\/\/www.facebook.com\/prefeituradesenhoradoporto\/?locale=pt_BR\" \/>\n<meta property=\"article:modified_time\" content=\"2026-01-05T19:02:28+00:00\" \/>\n<meta name=\"twitter:card\" content=\"summary_large_image\" \/>\n<meta name=\"twitter:label1\" content=\"Est. tempo de leitura\" \/>\n\t<meta name=\"twitter:data1\" content=\"1 minuto\" \/>\n<script type=\"application\/ld+json\" class=\"yoast-schema-graph\">{\"@context\":\"https:\/\/schema.org\",\"@graph\":[{\"@type\":\"WebPage\",\"@id\":\"https:\/\/senhoradoporto.mg.gov.br\/index.php\/elementor-118\/\",\"url\":\"https:\/\/senhoradoporto.mg.gov.br\/index.php\/elementor-118\/\",\"name\":\"Carta de Servi\u00e7os ao usu\u00e1rio - Prefeitura de Senhora do Porto\",\"isPartOf\":{\"@id\":\"https:\/\/senhoradoporto.mg.gov.br\/#website\"},\"datePublished\":\"2026-01-03T14:29:27+00:00\",\"dateModified\":\"2026-01-05T19:02:28+00:00\",\"breadcrumb\":{\"@id\":\"https:\/\/senhoradoporto.mg.gov.br\/index.php\/elementor-118\/#breadcrumb\"},\"inLanguage\":\"pt-BR\",\"potentialAction\":[{\"@type\":\"ReadAction\",\"target\":[\"https:\/\/senhoradoporto.mg.gov.br\/index.php\/elementor-118\/\"]}]},{\"@type\":\"BreadcrumbList\",\"@id\":\"https:\/\/senhoradoporto.mg.gov.br\/index.php\/elementor-118\/#breadcrumb\",\"itemListElement\":[{\"@type\":\"ListItem\",\"position\":1,\"name\":\"In\u00edcio\",\"item\":\"https:\/\/senhoradoporto.mg.gov.br\/\"},{\"@type\":\"ListItem\",\"position\":2,\"name\":\"Carta de Servi\u00e7os ao usu\u00e1rio\"}]},{\"@type\":\"WebSite\",\"@id\":\"https:\/\/senhoradoporto.mg.gov.br\/#website\",\"url\":\"https:\/\/senhoradoporto.mg.gov.br\/\",\"name\":\"Prefeitura de Senhora do Porto\",\"description\":\"\",\"publisher\":{\"@id\":\"https:\/\/senhoradoporto.mg.gov.br\/#organization\"},\"potentialAction\":[{\"@type\":\"SearchAction\",\"target\":{\"@type\":\"EntryPoint\",\"urlTemplate\":\"https:\/\/senhoradoporto.mg.gov.br\/?s={search_term_string}\"},\"query-input\":{\"@type\":\"PropertyValueSpecification\",\"valueRequired\":true,\"valueName\":\"search_term_string\"}}],\"inLanguage\":\"pt-BR\"},{\"@type\":\"Organization\",\"@id\":\"https:\/\/senhoradoporto.mg.gov.br\/#organization\",\"name\":\"Prefeitura de Senhora do Porto\",\"url\":\"https:\/\/senhoradoporto.mg.gov.br\/\",\"logo\":{\"@type\":\"ImageObject\",\"inLanguage\":\"pt-BR\",\"@id\":\"https:\/\/senhoradoporto.mg.gov.br\/#\/schema\/logo\/image\/\",\"url\":\"https:\/\/senhoradoporto.mg.gov.br\/wp-content\/uploads\/2025\/06\/Logo-Senhora-do-Porto-Matriz.webp\",\"contentUrl\":\"https:\/\/senhoradoporto.mg.gov.br\/wp-content\/uploads\/2025\/06\/Logo-Senhora-do-Porto-Matriz.webp\",\"width\":2280,\"height\":2560,\"caption\":\"Prefeitura de Senhora do Porto\"},\"image\":{\"@id\":\"https:\/\/senhoradoporto.mg.gov.br\/#\/schema\/logo\/image\/\"},\"sameAs\":[\"https:\/\/www.facebook.com\/prefeituradesenhoradoporto\/?locale=pt_BR\"]}]}<\/script>\n<!-- \/ Yoast SEO plugin. -->","yoast_head_json":{"title":"Carta de Servi\u00e7os ao usu\u00e1rio - Prefeitura de Senhora do Porto","robots":{"index":"index","follow":"follow","max-snippet":"max-snippet:-1","max-image-preview":"max-image-preview:large","max-video-preview":"max-video-preview:-1"},"canonical":"https:\/\/senhoradoporto.mg.gov.br\/index.php\/elementor-118\/","og_locale":"pt_BR","og_type":"article","og_title":"Carta de Servi\u00e7os ao usu\u00e1rio - Prefeitura de Senhora do Porto","og_description":"CARTA DE SERVI\u00c7OS AO USU\u00c1RIO O atendimento ao cidad\u00e3o na entrega de pol\u00edticas p\u00fablicas de qualidade \u00e9 sempre o objetivo final\u00edstico da Gest\u00e3o P\u00fablica, que deve primar pela moderniza\u00e7\u00e3o, efici\u00eancia, excel\u00eancia e democratiza\u00e7\u00e3o de seus resultados, assegurando o princ\u00edpio fundamental constitucional da cidadania. Desta forma, a Prefeitura Municipal de Senhora Do Porto (MG), cumprindo a [&hellip;]","og_url":"https:\/\/senhoradoporto.mg.gov.br\/index.php\/elementor-118\/","og_site_name":"Prefeitura de Senhora do Porto","article_publisher":"https:\/\/www.facebook.com\/prefeituradesenhoradoporto\/?locale=pt_BR","article_modified_time":"2026-01-05T19:02:28+00:00","twitter_card":"summary_large_image","twitter_misc":{"Est. tempo de leitura":"1 minuto"},"schema":{"@context":"https:\/\/schema.org","@graph":[{"@type":"WebPage","@id":"https:\/\/senhoradoporto.mg.gov.br\/index.php\/elementor-118\/","url":"https:\/\/senhoradoporto.mg.gov.br\/index.php\/elementor-118\/","name":"Carta de Servi\u00e7os ao usu\u00e1rio - Prefeitura de Senhora do Porto","isPartOf":{"@id":"https:\/\/senhoradoporto.mg.gov.br\/#website"},"datePublished":"2026-01-03T14:29:27+00:00","dateModified":"2026-01-05T19:02:28+00:00","breadcrumb":{"@id":"https:\/\/senhoradoporto.mg.gov.br\/index.php\/elementor-118\/#breadcrumb"},"inLanguage":"pt-BR","potentialAction":[{"@type":"ReadAction","target":["https:\/\/senhoradoporto.mg.gov.br\/index.php\/elementor-118\/"]}]},{"@type":"BreadcrumbList","@id":"https:\/\/senhoradoporto.mg.gov.br\/index.php\/elementor-118\/#breadcrumb","itemListElement":[{"@type":"ListItem","position":1,"name":"In\u00edcio","item":"https:\/\/senhoradoporto.mg.gov.br\/"},{"@type":"ListItem","position":2,"name":"Carta de Servi\u00e7os ao usu\u00e1rio"}]},{"@type":"WebSite","@id":"https:\/\/senhoradoporto.mg.gov.br\/#website","url":"https:\/\/senhoradoporto.mg.gov.br\/","name":"Prefeitura de Senhora do Porto","description":"","publisher":{"@id":"https:\/\/senhoradoporto.mg.gov.br\/#organization"},"potentialAction":[{"@type":"SearchAction","target":{"@type":"EntryPoint","urlTemplate":"https:\/\/senhoradoporto.mg.gov.br\/?s={search_term_string}"},"query-input":{"@type":"PropertyValueSpecification","valueRequired":true,"valueName":"search_term_string"}}],"inLanguage":"pt-BR"},{"@type":"Organization","@id":"https:\/\/senhoradoporto.mg.gov.br\/#organization","name":"Prefeitura de Senhora do Porto","url":"https:\/\/senhoradoporto.mg.gov.br\/","logo":{"@type":"ImageObject","inLanguage":"pt-BR","@id":"https:\/\/senhoradoporto.mg.gov.br\/#\/schema\/logo\/image\/","url":"https:\/\/senhoradoporto.mg.gov.br\/wp-content\/uploads\/2025\/06\/Logo-Senhora-do-Porto-Matriz.webp","contentUrl":"https:\/\/senhoradoporto.mg.gov.br\/wp-content\/uploads\/2025\/06\/Logo-Senhora-do-Porto-Matriz.webp","width":2280,"height":2560,"caption":"Prefeitura de Senhora do Porto"},"image":{"@id":"https:\/\/senhoradoporto.mg.gov.br\/#\/schema\/logo\/image\/"},"sameAs":["https:\/\/www.facebook.com\/prefeituradesenhoradoporto\/?locale=pt_BR"]}]}},"_links":{"self":[{"href":"https:\/\/senhoradoporto.mg.gov.br\/index.php\/wp-json\/wp\/v2\/pages\/118","targetHints":{"allow":["GET"]}}],"collection":[{"href":"https:\/\/senhoradoporto.mg.gov.br\/index.php\/wp-json\/wp\/v2\/pages"}],"about":[{"href":"https:\/\/senhoradoporto.mg.gov.br\/index.php\/wp-json\/wp\/v2\/types\/page"}],"author":[{"embeddable":true,"href":"https:\/\/senhoradoporto.mg.gov.br\/index.php\/wp-json\/wp\/v2\/users\/1"}],"replies":[{"embeddable":true,"href":"https:\/\/senhoradoporto.mg.gov.br\/index.php\/wp-json\/wp\/v2\/comments?post=118"}],"version-history":[{"count":10,"href":"https:\/\/senhoradoporto.mg.gov.br\/index.php\/wp-json\/wp\/v2\/pages\/118\/revisions"}],"predecessor-version":[{"id":1230,"href":"https:\/\/senhoradoporto.mg.gov.br\/index.php\/wp-json\/wp\/v2\/pages\/118\/revisions\/1230"}],"wp:attachment":[{"href":"https:\/\/senhoradoporto.mg.gov.br\/index.php\/wp-json\/wp\/v2\/media?parent=118"}],"curies":[{"name":"wp","href":"https:\/\/api.w.org\/{rel}","templated":true}]}}