{"id":1308,"date":"2026-01-09T13:07:42","date_gmt":"2026-01-09T16:07:42","guid":{"rendered":"https:\/\/senhoradoporto.mg.gov.br\/?page_id=1308"},"modified":"2026-01-22T14:25:04","modified_gmt":"2026-01-22T17:25:04","slug":"concurso-publico","status":"publish","type":"page","link":"https:\/\/senhoradoporto.mg.gov.br\/index.php\/concurso-publico\/","title":{"rendered":"Concurso P\u00fablico"},"content":{"rendered":"\t\t<div data-elementor-type=\"wp-page\" data-elementor-id=\"1308\" class=\"elementor elementor-1308\" data-elementor-post-type=\"page\">\n\t\t\t\t<div class=\"elementor-element elementor-element-722c4a4 e-flex e-con-boxed e-con e-parent\" data-id=\"722c4a4\" data-element_type=\"container\" data-e-type=\"container\">\n\t\t\t\t\t<div class=\"e-con-inner\">\n\t\t<div class=\"elementor-element elementor-element-66593b8 e-con-full e-flex e-con e-child\" data-id=\"66593b8\" data-element_type=\"container\" data-e-type=\"container\">\n\t\t\t\t<div class=\"elementor-element elementor-element-59a31dd elementor-widget elementor-widget-shortcode\" data-id=\"59a31dd\" data-element_type=\"widget\" data-e-type=\"widget\" data-widget_type=\"shortcode.default\">\n\t\t\t\t<div class=\"elementor-widget-container\">\n\t\t\t\t\t\t\t<div class=\"elementor-shortcode\"><span><span><a href=\"https:\/\/senhoradoporto.mg.gov.br\/\">In\u00edcio<\/a><\/span><\/span><\/div>\n\t\t\t\t\t\t<\/div>\n\t\t\t\t<\/div>\n\t\t\t\t<\/div>\n\t\t\t\t\t<\/div>\n\t\t\t\t<\/div>\n\t\t<div class=\"elementor-element elementor-element-aa7c370 e-flex e-con-boxed e-con e-parent\" data-id=\"aa7c370\" data-element_type=\"container\" data-e-type=\"container\">\n\t\t\t\t\t<div class=\"e-con-inner\">\n\t\t\t\t<div class=\"elementor-element elementor-element-38406e2 anwp-pg-widget-header-style--a anwp-pg-post-teaser__post-icon--size-16 elementor-widget elementor-widget-anwp-pg-classic-blog\" data-id=\"38406e2\" data-element_type=\"widget\" data-e-type=\"widget\" data-widget_type=\"anwp-pg-classic-blog.default\">\n\t\t\t\t<div class=\"elementor-widget-container\">\n\t\t\t\t\t<div class=\"anwp-pg-wrap\">\n\n\t<div class=\"anwp-pg-widget-header d-flex align-items-center position-relative\">\n\t<h3 class=\"d-flex align-items-center flex-wrap anwp-pg-widget-header__title\"> Concurso P\u00fablico<\/h3>\t<div class=\"anwp-pg-widget-header__secondary-line\"><\/div>\n<\/div>\n\n\t<div class=\"anwp-pg-classic-blog anwp-pg-posts-wrapper\">\n\t\t<div class=\"anwp-pg-post-teaser anwp-pg-post-teaser--layout-classic anwp-row anwp-no-gutters\">\n\n\t\n\t<div class=\"anwp-pg-post-teaser__content anwp-col-12\">\n\n\t\t<div class=\"anwp-pg-post-teaser__title anwp-font-heading my-2\">\n\t\t\t<a class=\"anwp-link-without-effects\" href=\"https:\/\/senhoradoporto.mg.gov.br\/index.php\/2026\/01\/09\/concurso-publico-no-01-2024\/\" aria-hidden=\"true\" >\n\t\t\t\tConcurso P\u00fablico n\u00ba 01\/2024\t\t\t<\/a>\n\t\t<\/div>\n\n\t\t<div class=\"anwp-pg-post-teaser__bottom-meta d-flex flex-wrap\">\n\n\t\t\t\n\t\t\t\t\t<\/div>\n\n\t\t<div class=\"anwp-pg-post-teaser__excerpt mt-2\">\n\t\t\tO Secret\u00e1rio Municipal de Recursos Humanos do MUNIC\u00cdPIO DE SENHORA DO PORTO, WENDER PIERRE MOTA LEITE, no uso de suas atribui\u00e7\u00f5es legais, estabelece normas para a realiza\u00e7\u00e3o de Concurso P\u00fablico ...\t\t<\/div>\n\n\t\t\t<\/div>\n<\/div>\n\t<\/div>\n\t\n\t<\/div>\n\t\t\t\t<\/div>\n\t\t\t\t<\/div>\n\t\t\t\t\t<\/div>\n\t\t\t\t<\/div>\n\t\t<div class=\"elementor-element elementor-element-b91c7d2 e-flex e-con-boxed e-con e-parent\" data-id=\"b91c7d2\" data-element_type=\"container\" data-e-type=\"container\">\n\t\t\t\t\t<div class=\"e-con-inner\">\n\t\t\t\t<div class=\"elementor-element elementor-element-4572a07 elementor-widget elementor-widget-spacer\" data-id=\"4572a07\" data-element_type=\"widget\" data-e-type=\"widget\" data-widget_type=\"spacer.default\">\n\t\t\t\t<div class=\"elementor-widget-container\">\n\t\t\t\t\t\t\t<div class=\"elementor-spacer\">\n\t\t\t<div class=\"elementor-spacer-inner\"><\/div>\n\t\t<\/div>\n\t\t\t\t\t\t<\/div>\n\t\t\t\t<\/div>\n\t\t\t\t\t<\/div>\n\t\t\t\t<\/div>\n\t\t\t\t<\/div>\n\t\t","protected":false},"excerpt":{"rendered":"<p>Concurso P\u00fablico Concurso P\u00fablico n\u00ba 01\/2024 O Secret\u00e1rio Municipal de Recursos Humanos do MUNIC\u00cdPIO DE SENHORA DO PORTO, WENDER PIERRE MOTA LEITE, no uso de suas atribui\u00e7\u00f5es legais, estabelece normas para a realiza\u00e7\u00e3o de Concurso P\u00fablico &#8230;<\/p>\n","protected":false},"author":1,"featured_media":0,"parent":0,"menu_order":0,"comment_status":"closed","ping_status":"closed","template":"elementor_header_footer","meta":{"footnotes":""},"class_list":["post-1308","page","type-page","status-publish","hentry"],"yoast_head":"<!-- This site is optimized with the Yoast SEO plugin v27.2 - https:\/\/yoast.com\/product\/yoast-seo-wordpress\/ -->\n<title>Concurso P\u00fablico - Prefeitura de Senhora do Porto<\/title>\n<meta name=\"robots\" content=\"index, follow, max-snippet:-1, max-image-preview:large, max-video-preview:-1\" \/>\n<link rel=\"canonical\" href=\"https:\/\/senhoradoporto.mg.gov.br\/index.php\/concurso-publico\/\" \/>\n<meta property=\"og:locale\" content=\"pt_BR\" \/>\n<meta property=\"og:type\" content=\"article\" \/>\n<meta property=\"og:title\" content=\"Concurso P\u00fablico - Prefeitura de Senhora do Porto\" \/>\n<meta property=\"og:description\" content=\"Concurso P\u00fablico Concurso P\u00fablico n\u00ba 01\/2024 O Secret\u00e1rio Municipal de Recursos Humanos do MUNIC\u00cdPIO DE SENHORA DO PORTO, WENDER PIERRE MOTA LEITE, no uso de suas atribui\u00e7\u00f5es legais, estabelece normas para a realiza\u00e7\u00e3o de Concurso P\u00fablico &#8230;\" \/>\n<meta property=\"og:url\" content=\"https:\/\/senhoradoporto.mg.gov.br\/index.php\/concurso-publico\/\" \/>\n<meta property=\"og:site_name\" content=\"Prefeitura de Senhora do Porto\" \/>\n<meta property=\"article:publisher\" content=\"https:\/\/www.facebook.com\/prefeituradesenhoradoporto\/?locale=pt_BR\" \/>\n<meta property=\"article:modified_time\" content=\"2026-01-22T17:25:04+00:00\" \/>\n<meta name=\"twitter:card\" content=\"summary_large_image\" \/>\n<meta name=\"twitter:label1\" content=\"Est. tempo de leitura\" \/>\n\t<meta name=\"twitter:data1\" content=\"1 minuto\" \/>\n<script type=\"application\/ld+json\" class=\"yoast-schema-graph\">{\"@context\":\"https:\/\/schema.org\",\"@graph\":[{\"@type\":\"WebPage\",\"@id\":\"https:\/\/senhoradoporto.mg.gov.br\/index.php\/concurso-publico\/\",\"url\":\"https:\/\/senhoradoporto.mg.gov.br\/index.php\/concurso-publico\/\",\"name\":\"Concurso P\u00fablico - Prefeitura de Senhora do Porto\",\"isPartOf\":{\"@id\":\"https:\/\/senhoradoporto.mg.gov.br\/#website\"},\"datePublished\":\"2026-01-09T16:07:42+00:00\",\"dateModified\":\"2026-01-22T17:25:04+00:00\",\"breadcrumb\":{\"@id\":\"https:\/\/senhoradoporto.mg.gov.br\/index.php\/concurso-publico\/#breadcrumb\"},\"inLanguage\":\"pt-BR\",\"potentialAction\":[{\"@type\":\"ReadAction\",\"target\":[\"https:\/\/senhoradoporto.mg.gov.br\/index.php\/concurso-publico\/\"]}]},{\"@type\":\"BreadcrumbList\",\"@id\":\"https:\/\/senhoradoporto.mg.gov.br\/index.php\/concurso-publico\/#breadcrumb\",\"itemListElement\":[{\"@type\":\"ListItem\",\"position\":1,\"name\":\"In\u00edcio\",\"item\":\"https:\/\/senhoradoporto.mg.gov.br\/\"},{\"@type\":\"ListItem\",\"position\":2,\"name\":\"Concurso P\u00fablico\"}]},{\"@type\":\"WebSite\",\"@id\":\"https:\/\/senhoradoporto.mg.gov.br\/#website\",\"url\":\"https:\/\/senhoradoporto.mg.gov.br\/\",\"name\":\"Prefeitura de Senhora do Porto\",\"description\":\"\",\"publisher\":{\"@id\":\"https:\/\/senhoradoporto.mg.gov.br\/#organization\"},\"potentialAction\":[{\"@type\":\"SearchAction\",\"target\":{\"@type\":\"EntryPoint\",\"urlTemplate\":\"https:\/\/senhoradoporto.mg.gov.br\/?s={search_term_string}\"},\"query-input\":{\"@type\":\"PropertyValueSpecification\",\"valueRequired\":true,\"valueName\":\"search_term_string\"}}],\"inLanguage\":\"pt-BR\"},{\"@type\":\"Organization\",\"@id\":\"https:\/\/senhoradoporto.mg.gov.br\/#organization\",\"name\":\"Prefeitura de Senhora do Porto\",\"url\":\"https:\/\/senhoradoporto.mg.gov.br\/\",\"logo\":{\"@type\":\"ImageObject\",\"inLanguage\":\"pt-BR\",\"@id\":\"https:\/\/senhoradoporto.mg.gov.br\/#\/schema\/logo\/image\/\",\"url\":\"https:\/\/senhoradoporto.mg.gov.br\/wp-content\/uploads\/2025\/06\/Logo-Senhora-do-Porto-Matriz.webp\",\"contentUrl\":\"https:\/\/senhoradoporto.mg.gov.br\/wp-content\/uploads\/2025\/06\/Logo-Senhora-do-Porto-Matriz.webp\",\"width\":2280,\"height\":2560,\"caption\":\"Prefeitura de Senhora do Porto\"},\"image\":{\"@id\":\"https:\/\/senhoradoporto.mg.gov.br\/#\/schema\/logo\/image\/\"},\"sameAs\":[\"https:\/\/www.facebook.com\/prefeituradesenhoradoporto\/?locale=pt_BR\"]}]}<\/script>\n<!-- \/ Yoast SEO plugin. -->","yoast_head_json":{"title":"Concurso P\u00fablico - Prefeitura de Senhora do Porto","robots":{"index":"index","follow":"follow","max-snippet":"max-snippet:-1","max-image-preview":"max-image-preview:large","max-video-preview":"max-video-preview:-1"},"canonical":"https:\/\/senhoradoporto.mg.gov.br\/index.php\/concurso-publico\/","og_locale":"pt_BR","og_type":"article","og_title":"Concurso P\u00fablico - Prefeitura de Senhora do Porto","og_description":"Concurso P\u00fablico Concurso P\u00fablico n\u00ba 01\/2024 O Secret\u00e1rio Municipal de Recursos Humanos do MUNIC\u00cdPIO DE SENHORA DO PORTO, WENDER PIERRE MOTA LEITE, no uso de suas atribui\u00e7\u00f5es legais, estabelece normas para a realiza\u00e7\u00e3o de Concurso P\u00fablico &#8230;","og_url":"https:\/\/senhoradoporto.mg.gov.br\/index.php\/concurso-publico\/","og_site_name":"Prefeitura de Senhora do Porto","article_publisher":"https:\/\/www.facebook.com\/prefeituradesenhoradoporto\/?locale=pt_BR","article_modified_time":"2026-01-22T17:25:04+00:00","twitter_card":"summary_large_image","twitter_misc":{"Est. tempo de leitura":"1 minuto"},"schema":{"@context":"https:\/\/schema.org","@graph":[{"@type":"WebPage","@id":"https:\/\/senhoradoporto.mg.gov.br\/index.php\/concurso-publico\/","url":"https:\/\/senhoradoporto.mg.gov.br\/index.php\/concurso-publico\/","name":"Concurso P\u00fablico - Prefeitura de Senhora do Porto","isPartOf":{"@id":"https:\/\/senhoradoporto.mg.gov.br\/#website"},"datePublished":"2026-01-09T16:07:42+00:00","dateModified":"2026-01-22T17:25:04+00:00","breadcrumb":{"@id":"https:\/\/senhoradoporto.mg.gov.br\/index.php\/concurso-publico\/#breadcrumb"},"inLanguage":"pt-BR","potentialAction":[{"@type":"ReadAction","target":["https:\/\/senhoradoporto.mg.gov.br\/index.php\/concurso-publico\/"]}]},{"@type":"BreadcrumbList","@id":"https:\/\/senhoradoporto.mg.gov.br\/index.php\/concurso-publico\/#breadcrumb","itemListElement":[{"@type":"ListItem","position":1,"name":"In\u00edcio","item":"https:\/\/senhoradoporto.mg.gov.br\/"},{"@type":"ListItem","position":2,"name":"Concurso P\u00fablico"}]},{"@type":"WebSite","@id":"https:\/\/senhoradoporto.mg.gov.br\/#website","url":"https:\/\/senhoradoporto.mg.gov.br\/","name":"Prefeitura de Senhora do Porto","description":"","publisher":{"@id":"https:\/\/senhoradoporto.mg.gov.br\/#organization"},"potentialAction":[{"@type":"SearchAction","target":{"@type":"EntryPoint","urlTemplate":"https:\/\/senhoradoporto.mg.gov.br\/?s={search_term_string}"},"query-input":{"@type":"PropertyValueSpecification","valueRequired":true,"valueName":"search_term_string"}}],"inLanguage":"pt-BR"},{"@type":"Organization","@id":"https:\/\/senhoradoporto.mg.gov.br\/#organization","name":"Prefeitura de Senhora do Porto","url":"https:\/\/senhoradoporto.mg.gov.br\/","logo":{"@type":"ImageObject","inLanguage":"pt-BR","@id":"https:\/\/senhoradoporto.mg.gov.br\/#\/schema\/logo\/image\/","url":"https:\/\/senhoradoporto.mg.gov.br\/wp-content\/uploads\/2025\/06\/Logo-Senhora-do-Porto-Matriz.webp","contentUrl":"https:\/\/senhoradoporto.mg.gov.br\/wp-content\/uploads\/2025\/06\/Logo-Senhora-do-Porto-Matriz.webp","width":2280,"height":2560,"caption":"Prefeitura de Senhora do Porto"},"image":{"@id":"https:\/\/senhoradoporto.mg.gov.br\/#\/schema\/logo\/image\/"},"sameAs":["https:\/\/www.facebook.com\/prefeituradesenhoradoporto\/?locale=pt_BR"]}]}},"_links":{"self":[{"href":"https:\/\/senhoradoporto.mg.gov.br\/index.php\/wp-json\/wp\/v2\/pages\/1308","targetHints":{"allow":["GET"]}}],"collection":[{"href":"https:\/\/senhoradoporto.mg.gov.br\/index.php\/wp-json\/wp\/v2\/pages"}],"about":[{"href":"https:\/\/senhoradoporto.mg.gov.br\/index.php\/wp-json\/wp\/v2\/types\/page"}],"author":[{"embeddable":true,"href":"https:\/\/senhoradoporto.mg.gov.br\/index.php\/wp-json\/wp\/v2\/users\/1"}],"replies":[{"embeddable":true,"href":"https:\/\/senhoradoporto.mg.gov.br\/index.php\/wp-json\/wp\/v2\/comments?post=1308"}],"version-history":[{"count":9,"href":"https:\/\/senhoradoporto.mg.gov.br\/index.php\/wp-json\/wp\/v2\/pages\/1308\/revisions"}],"predecessor-version":[{"id":1418,"href":"https:\/\/senhoradoporto.mg.gov.br\/index.php\/wp-json\/wp\/v2\/pages\/1308\/revisions\/1418"}],"wp:attachment":[{"href":"https:\/\/senhoradoporto.mg.gov.br\/index.php\/wp-json\/wp\/v2\/media?parent=1308"}],"curies":[{"name":"wp","href":"https:\/\/api.w.org\/{rel}","templated":true}]}}