{"id":945,"date":"2025-09-24T14:18:42","date_gmt":"2025-09-24T17:18:42","guid":{"rendered":"https:\/\/senhoradoporto.mg.gov.br\/?page_id=945"},"modified":"2026-01-05T15:57:53","modified_gmt":"2026-01-05T18:57:53","slug":"boletins","status":"publish","type":"page","link":"https:\/\/senhoradoporto.mg.gov.br\/index.php\/boletins\/","title":{"rendered":"Boletins"},"content":{"rendered":"\t\t<div data-elementor-type=\"wp-page\" data-elementor-id=\"945\" class=\"elementor elementor-945\" data-elementor-post-type=\"page\">\n\t\t\t\t<div class=\"elementor-element elementor-element-4076db6 e-flex e-con-boxed e-con e-parent\" data-id=\"4076db6\" data-element_type=\"container\" data-e-type=\"container\">\n\t\t\t\t\t<div class=\"e-con-inner\">\n\t\t<div class=\"elementor-element elementor-element-0e248c3 e-con-full e-flex e-con e-child\" data-id=\"0e248c3\" data-element_type=\"container\" data-e-type=\"container\">\n\t\t\t\t<div class=\"elementor-element elementor-element-6387e27 elementor-widget elementor-widget-shortcode\" data-id=\"6387e27\" data-element_type=\"widget\" data-e-type=\"widget\" data-widget_type=\"shortcode.default\">\n\t\t\t\t<div class=\"elementor-widget-container\">\n\t\t\t\t\t\t\t<div class=\"elementor-shortcode\"><span><span><a href=\"https:\/\/senhoradoporto.mg.gov.br\/\">In\u00edcio<\/a><\/span><\/span><\/div>\n\t\t\t\t\t\t<\/div>\n\t\t\t\t<\/div>\n\t\t\t\t<\/div>\n\t\t\t\t\t<\/div>\n\t\t\t\t<\/div>\n\t\t<div class=\"elementor-element elementor-element-741bf7c e-flex e-con-boxed e-con e-parent\" data-id=\"741bf7c\" data-element_type=\"container\" data-e-type=\"container\">\n\t\t\t\t\t<div class=\"e-con-inner\">\n\t\t\t\t<div class=\"elementor-element elementor-element-494db46 animated-slow elementor-invisible elementor-widget elementor-widget-heading\" data-id=\"494db46\" data-element_type=\"widget\" data-e-type=\"widget\" data-settings=\"{&quot;_animation&quot;:&quot;fadeInDown&quot;}\" data-widget_type=\"heading.default\">\n\t\t\t\t<div class=\"elementor-widget-container\">\n\t\t\t\t\t<h2 class=\"elementor-heading-title elementor-size-default\">Boletins Epidemiol\u00f3gicos<\/h2>\t\t\t\t<\/div>\n\t\t\t\t<\/div>\n\t\t<div class=\"elementor-element elementor-element-17884d3 e-con-full e-flex e-con e-child\" data-id=\"17884d3\" data-element_type=\"container\" data-e-type=\"container\">\n\t\t\t\t<\/div>\n\t\t\t\t\t<\/div>\n\t\t\t\t<\/div>\n\t\t<div class=\"elementor-element elementor-element-3af5bc0 e-flex e-con-boxed e-con e-parent\" data-id=\"3af5bc0\" data-element_type=\"container\" data-e-type=\"container\">\n\t\t\t\t\t<div class=\"e-con-inner\">\n\t\t<div class=\"elementor-element elementor-element-c62d7b1 e-con-full e-flex e-con e-child\" data-id=\"c62d7b1\" data-element_type=\"container\" data-e-type=\"container\">\n\t\t\t\t<div class=\"elementor-element elementor-element-7ddf057 anwp-pg-widget-header-style--a animated-slow anwp-pg-post-teaser__post-icon--size-16 elementor-invisible elementor-widget elementor-widget-anwp-pg-classic-blog\" data-id=\"7ddf057\" data-element_type=\"widget\" data-e-type=\"widget\" data-settings=\"{&quot;_animation&quot;:&quot;fadeInLeft&quot;}\" data-widget_type=\"anwp-pg-classic-blog.default\">\n\t\t\t\t<div class=\"elementor-widget-container\">\n\t\t\t\t\t<div class=\"anwp-pg-wrap\">\n\n\t<div class=\"anwp-pg-widget-header d-flex align-items-center position-relative\">\n\t<h3 class=\"d-flex align-items-center flex-wrap anwp-pg-widget-header__title\"> Hamsen\u00edase<\/h3>\t<div class=\"anwp-pg-widget-header__secondary-line\"><\/div>\n<\/div>\n\n\t<div class=\"anwp-pg-classic-blog anwp-pg-posts-wrapper\">\n\t\t<div class=\"anwp-pg-post-teaser anwp-pg-post-teaser--layout-classic anwp-row anwp-no-gutters\">\n\n\t\n\t<div class=\"anwp-pg-post-teaser__content anwp-col-12\">\n\n\t\t<div class=\"anwp-pg-post-teaser__title anwp-font-heading my-2\">\n\t\t\t<a class=\"anwp-link-without-effects\" href=\"https:\/\/senhoradoporto.mg.gov.br\/index.php\/2025\/09\/24\/boletim-03\/\" aria-hidden=\"true\" >\n\t\t\t\tBoletim 03\t\t\t<\/a>\n\t\t<\/div>\n\n\t\t<div class=\"anwp-pg-post-teaser__bottom-meta d-flex flex-wrap\">\n\n\t\t\t\n\t\t\t\t\t<\/div>\n\n\t\t<div class=\"anwp-pg-post-teaser__excerpt mt-2\">\n\t\t\t\t\t<\/div>\n\n\t\t\t<\/div>\n<\/div>\n<div class=\"anwp-pg-post-teaser anwp-pg-post-teaser--layout-classic anwp-row anwp-no-gutters\">\n\n\t\n\t<div class=\"anwp-pg-post-teaser__content anwp-col-12\">\n\n\t\t<div class=\"anwp-pg-post-teaser__title anwp-font-heading my-2\">\n\t\t\t<a class=\"anwp-link-without-effects\" href=\"https:\/\/senhoradoporto.mg.gov.br\/index.php\/2025\/09\/16\/boletim-epidemiologico-hanseniase-senhora-do-porto-mg\/\" aria-hidden=\"true\" >\n\t\t\t\tBoletim 02\t\t\t<\/a>\n\t\t<\/div>\n\n\t\t<div class=\"anwp-pg-post-teaser__bottom-meta d-flex flex-wrap\">\n\n\t\t\t\n\t\t\t\t\t<\/div>\n\n\t\t<div class=\"anwp-pg-post-teaser__excerpt mt-2\">\n\t\t\t\t\t<\/div>\n\n\t\t\t<\/div>\n<\/div>\n\t<\/div>\n\t\n\t<\/div>\n\t\t\t\t<\/div>\n\t\t\t\t<\/div>\n\t\t\t\t<\/div>\n\t\t<div class=\"elementor-element elementor-element-237c1a8 e-con-full e-flex e-con e-child\" data-id=\"237c1a8\" data-element_type=\"container\" data-e-type=\"container\">\n\t\t\t\t<div class=\"elementor-element elementor-element-c1106d4 anwp-pg-widget-header-style--a animated-slow anwp-pg-post-teaser__post-icon--size-16 elementor-invisible elementor-widget elementor-widget-anwp-pg-classic-blog\" data-id=\"c1106d4\" data-element_type=\"widget\" data-e-type=\"widget\" data-settings=\"{&quot;_animation&quot;:&quot;fadeInRight&quot;}\" data-widget_type=\"anwp-pg-classic-blog.default\">\n\t\t\t\t<div class=\"elementor-widget-container\">\n\t\t\t\t\t<div class=\"anwp-pg-wrap\">\n\n\t<div class=\"anwp-pg-widget-header d-flex align-items-center position-relative\">\n\t<h3 class=\"d-flex align-items-center flex-wrap anwp-pg-widget-header__title\"> Doen\u00e7as Cr\u00f4nicas n\u00e3o Transmiss\u00edveis <\/h3>\t<div class=\"anwp-pg-widget-header__secondary-line\"><\/div>\n<\/div>\n\n\t<div class=\"anwp-pg-classic-blog anwp-pg-posts-wrapper\">\n\t\t<div class=\"anwp-pg-post-teaser anwp-pg-post-teaser--layout-classic anwp-row anwp-no-gutters\">\n\n\t\n\t<div class=\"anwp-pg-post-teaser__content anwp-col-12\">\n\n\t\t<div class=\"anwp-pg-post-teaser__title anwp-font-heading my-2\">\n\t\t\t<a class=\"anwp-link-without-effects\" href=\"https:\/\/senhoradoporto.mg.gov.br\/index.php\/2025\/09\/24\/boletim-04\/\" aria-hidden=\"true\" >\n\t\t\t\tBoletim 04\t\t\t<\/a>\n\t\t<\/div>\n\n\t\t<div class=\"anwp-pg-post-teaser__bottom-meta d-flex flex-wrap\">\n\n\t\t\t\n\t\t\t\t\t<\/div>\n\n\t\t<div class=\"anwp-pg-post-teaser__excerpt mt-2\">\n\t\t\t\t\t<\/div>\n\n\t\t\t<\/div>\n<\/div>\n<div class=\"anwp-pg-post-teaser anwp-pg-post-teaser--layout-classic anwp-row anwp-no-gutters\">\n\n\t\n\t<div class=\"anwp-pg-post-teaser__content anwp-col-12\">\n\n\t\t<div class=\"anwp-pg-post-teaser__title anwp-font-heading my-2\">\n\t\t\t<a class=\"anwp-link-without-effects\" href=\"https:\/\/senhoradoporto.mg.gov.br\/index.php\/2025\/09\/16\/boletim-epidemiologico-doencas-cronicas-nao-transmissiveis-senhora-do-porto-mg\/\" aria-hidden=\"true\" >\n\t\t\t\tBoletim 01\t\t\t<\/a>\n\t\t<\/div>\n\n\t\t<div class=\"anwp-pg-post-teaser__bottom-meta d-flex flex-wrap\">\n\n\t\t\t\n\t\t\t\t\t<\/div>\n\n\t\t<div class=\"anwp-pg-post-teaser__excerpt mt-2\">\n\t\t\t\t\t<\/div>\n\n\t\t\t<\/div>\n<\/div>\n\t<\/div>\n\t\n\t<\/div>\n\t\t\t\t<\/div>\n\t\t\t\t<\/div>\n\t\t\t\t<\/div>\n\t\t\t\t\t<\/div>\n\t\t\t\t<\/div>\n\t\t\t\t<\/div>\n\t\t","protected":false},"excerpt":{"rendered":"<p>Boletins Epidemiol\u00f3gicos Hamsen\u00edase Boletim 03 Boletim 02 Doen\u00e7as Cr\u00f4nicas n\u00e3o Transmiss\u00edveis Boletim 04 Boletim 01<\/p>\n","protected":false},"author":1,"featured_media":0,"parent":0,"menu_order":0,"comment_status":"closed","ping_status":"closed","template":"elementor_header_footer","meta":{"footnotes":""},"class_list":["post-945","page","type-page","status-publish","hentry"],"yoast_head":"<!-- This site is optimized with the Yoast SEO plugin v27.2 - https:\/\/yoast.com\/product\/yoast-seo-wordpress\/ -->\n<title>Boletins - Prefeitura de Senhora do Porto<\/title>\n<meta name=\"robots\" content=\"index, follow, max-snippet:-1, max-image-preview:large, max-video-preview:-1\" \/>\n<link rel=\"canonical\" href=\"http:\/\/senhoradoporto.mg.gov.br\/index.php\/boletins\/\" \/>\n<meta property=\"og:locale\" content=\"pt_BR\" \/>\n<meta property=\"og:type\" content=\"article\" \/>\n<meta property=\"og:title\" content=\"Boletins - Prefeitura de Senhora do Porto\" \/>\n<meta property=\"og:description\" content=\"Boletins Epidemiol\u00f3gicos Hamsen\u00edase Boletim 03 Boletim 02 Doen\u00e7as Cr\u00f4nicas n\u00e3o Transmiss\u00edveis Boletim 04 Boletim 01\" \/>\n<meta property=\"og:url\" content=\"http:\/\/senhoradoporto.mg.gov.br\/index.php\/boletins\/\" \/>\n<meta property=\"og:site_name\" content=\"Prefeitura de Senhora do Porto\" \/>\n<meta property=\"article:publisher\" content=\"https:\/\/www.facebook.com\/prefeituradesenhoradoporto\/?locale=pt_BR\" \/>\n<meta property=\"article:modified_time\" content=\"2026-01-05T18:57:53+00:00\" \/>\n<meta name=\"twitter:card\" content=\"summary_large_image\" \/>\n<meta name=\"twitter:label1\" content=\"Est. tempo de leitura\" \/>\n\t<meta name=\"twitter:data1\" content=\"1 minuto\" \/>\n<script type=\"application\/ld+json\" class=\"yoast-schema-graph\">{\"@context\":\"https:\/\/schema.org\",\"@graph\":[{\"@type\":\"WebPage\",\"@id\":\"http:\/\/senhoradoporto.mg.gov.br\/index.php\/boletins\/\",\"url\":\"http:\/\/senhoradoporto.mg.gov.br\/index.php\/boletins\/\",\"name\":\"Boletins - Prefeitura de Senhora do Porto\",\"isPartOf\":{\"@id\":\"https:\/\/senhoradoporto.mg.gov.br\/#website\"},\"datePublished\":\"2025-09-24T17:18:42+00:00\",\"dateModified\":\"2026-01-05T18:57:53+00:00\",\"breadcrumb\":{\"@id\":\"http:\/\/senhoradoporto.mg.gov.br\/index.php\/boletins\/#breadcrumb\"},\"inLanguage\":\"pt-BR\",\"potentialAction\":[{\"@type\":\"ReadAction\",\"target\":[\"http:\/\/senhoradoporto.mg.gov.br\/index.php\/boletins\/\"]}]},{\"@type\":\"BreadcrumbList\",\"@id\":\"http:\/\/senhoradoporto.mg.gov.br\/index.php\/boletins\/#breadcrumb\",\"itemListElement\":[{\"@type\":\"ListItem\",\"position\":1,\"name\":\"In\u00edcio\",\"item\":\"https:\/\/senhoradoporto.mg.gov.br\/\"},{\"@type\":\"ListItem\",\"position\":2,\"name\":\"Boletins\"}]},{\"@type\":\"WebSite\",\"@id\":\"https:\/\/senhoradoporto.mg.gov.br\/#website\",\"url\":\"https:\/\/senhoradoporto.mg.gov.br\/\",\"name\":\"Prefeitura de Senhora do Porto\",\"description\":\"\",\"publisher\":{\"@id\":\"https:\/\/senhoradoporto.mg.gov.br\/#organization\"},\"potentialAction\":[{\"@type\":\"SearchAction\",\"target\":{\"@type\":\"EntryPoint\",\"urlTemplate\":\"https:\/\/senhoradoporto.mg.gov.br\/?s={search_term_string}\"},\"query-input\":{\"@type\":\"PropertyValueSpecification\",\"valueRequired\":true,\"valueName\":\"search_term_string\"}}],\"inLanguage\":\"pt-BR\"},{\"@type\":\"Organization\",\"@id\":\"https:\/\/senhoradoporto.mg.gov.br\/#organization\",\"name\":\"Prefeitura de Senhora do Porto\",\"url\":\"https:\/\/senhoradoporto.mg.gov.br\/\",\"logo\":{\"@type\":\"ImageObject\",\"inLanguage\":\"pt-BR\",\"@id\":\"https:\/\/senhoradoporto.mg.gov.br\/#\/schema\/logo\/image\/\",\"url\":\"https:\/\/senhoradoporto.mg.gov.br\/wp-content\/uploads\/2025\/06\/Logo-Senhora-do-Porto-Matriz.webp\",\"contentUrl\":\"https:\/\/senhoradoporto.mg.gov.br\/wp-content\/uploads\/2025\/06\/Logo-Senhora-do-Porto-Matriz.webp\",\"width\":2280,\"height\":2560,\"caption\":\"Prefeitura de Senhora do Porto\"},\"image\":{\"@id\":\"https:\/\/senhoradoporto.mg.gov.br\/#\/schema\/logo\/image\/\"},\"sameAs\":[\"https:\/\/www.facebook.com\/prefeituradesenhoradoporto\/?locale=pt_BR\"]}]}<\/script>\n<!-- \/ Yoast SEO plugin. -->","yoast_head_json":{"title":"Boletins - Prefeitura de Senhora do Porto","robots":{"index":"index","follow":"follow","max-snippet":"max-snippet:-1","max-image-preview":"max-image-preview:large","max-video-preview":"max-video-preview:-1"},"canonical":"http:\/\/senhoradoporto.mg.gov.br\/index.php\/boletins\/","og_locale":"pt_BR","og_type":"article","og_title":"Boletins - Prefeitura de Senhora do Porto","og_description":"Boletins Epidemiol\u00f3gicos Hamsen\u00edase Boletim 03 Boletim 02 Doen\u00e7as Cr\u00f4nicas n\u00e3o Transmiss\u00edveis Boletim 04 Boletim 01","og_url":"http:\/\/senhoradoporto.mg.gov.br\/index.php\/boletins\/","og_site_name":"Prefeitura de Senhora do Porto","article_publisher":"https:\/\/www.facebook.com\/prefeituradesenhoradoporto\/?locale=pt_BR","article_modified_time":"2026-01-05T18:57:53+00:00","twitter_card":"summary_large_image","twitter_misc":{"Est. tempo de leitura":"1 minuto"},"schema":{"@context":"https:\/\/schema.org","@graph":[{"@type":"WebPage","@id":"http:\/\/senhoradoporto.mg.gov.br\/index.php\/boletins\/","url":"http:\/\/senhoradoporto.mg.gov.br\/index.php\/boletins\/","name":"Boletins - Prefeitura de Senhora do Porto","isPartOf":{"@id":"https:\/\/senhoradoporto.mg.gov.br\/#website"},"datePublished":"2025-09-24T17:18:42+00:00","dateModified":"2026-01-05T18:57:53+00:00","breadcrumb":{"@id":"http:\/\/senhoradoporto.mg.gov.br\/index.php\/boletins\/#breadcrumb"},"inLanguage":"pt-BR","potentialAction":[{"@type":"ReadAction","target":["http:\/\/senhoradoporto.mg.gov.br\/index.php\/boletins\/"]}]},{"@type":"BreadcrumbList","@id":"http:\/\/senhoradoporto.mg.gov.br\/index.php\/boletins\/#breadcrumb","itemListElement":[{"@type":"ListItem","position":1,"name":"In\u00edcio","item":"https:\/\/senhoradoporto.mg.gov.br\/"},{"@type":"ListItem","position":2,"name":"Boletins"}]},{"@type":"WebSite","@id":"https:\/\/senhoradoporto.mg.gov.br\/#website","url":"https:\/\/senhoradoporto.mg.gov.br\/","name":"Prefeitura de Senhora do Porto","description":"","publisher":{"@id":"https:\/\/senhoradoporto.mg.gov.br\/#organization"},"potentialAction":[{"@type":"SearchAction","target":{"@type":"EntryPoint","urlTemplate":"https:\/\/senhoradoporto.mg.gov.br\/?s={search_term_string}"},"query-input":{"@type":"PropertyValueSpecification","valueRequired":true,"valueName":"search_term_string"}}],"inLanguage":"pt-BR"},{"@type":"Organization","@id":"https:\/\/senhoradoporto.mg.gov.br\/#organization","name":"Prefeitura de Senhora do Porto","url":"https:\/\/senhoradoporto.mg.gov.br\/","logo":{"@type":"ImageObject","inLanguage":"pt-BR","@id":"https:\/\/senhoradoporto.mg.gov.br\/#\/schema\/logo\/image\/","url":"https:\/\/senhoradoporto.mg.gov.br\/wp-content\/uploads\/2025\/06\/Logo-Senhora-do-Porto-Matriz.webp","contentUrl":"https:\/\/senhoradoporto.mg.gov.br\/wp-content\/uploads\/2025\/06\/Logo-Senhora-do-Porto-Matriz.webp","width":2280,"height":2560,"caption":"Prefeitura de Senhora do Porto"},"image":{"@id":"https:\/\/senhoradoporto.mg.gov.br\/#\/schema\/logo\/image\/"},"sameAs":["https:\/\/www.facebook.com\/prefeituradesenhoradoporto\/?locale=pt_BR"]}]}},"_links":{"self":[{"href":"https:\/\/senhoradoporto.mg.gov.br\/index.php\/wp-json\/wp\/v2\/pages\/945","targetHints":{"allow":["GET"]}}],"collection":[{"href":"https:\/\/senhoradoporto.mg.gov.br\/index.php\/wp-json\/wp\/v2\/pages"}],"about":[{"href":"https:\/\/senhoradoporto.mg.gov.br\/index.php\/wp-json\/wp\/v2\/types\/page"}],"author":[{"embeddable":true,"href":"https:\/\/senhoradoporto.mg.gov.br\/index.php\/wp-json\/wp\/v2\/users\/1"}],"replies":[{"embeddable":true,"href":"https:\/\/senhoradoporto.mg.gov.br\/index.php\/wp-json\/wp\/v2\/comments?post=945"}],"version-history":[{"count":13,"href":"https:\/\/senhoradoporto.mg.gov.br\/index.php\/wp-json\/wp\/v2\/pages\/945\/revisions"}],"predecessor-version":[{"id":1221,"href":"https:\/\/senhoradoporto.mg.gov.br\/index.php\/wp-json\/wp\/v2\/pages\/945\/revisions\/1221"}],"wp:attachment":[{"href":"https:\/\/senhoradoporto.mg.gov.br\/index.php\/wp-json\/wp\/v2\/media?parent=945"}],"curies":[{"name":"wp","href":"https:\/\/api.w.org\/{rel}","templated":true}]}}